{"id":3222,"date":"2025-04-17T11:51:44","date_gmt":"2025-04-17T09:51:44","guid":{"rendered":"https:\/\/www.puget-lesadrets-tourisme.com\/transport\/"},"modified":"2025-06-05T10:35:15","modified_gmt":"2025-06-05T08:35:15","slug":"transport","status":"publish","type":"page","link":"https:\/\/www.puget-lesadrets-tourisme.com\/en\/for-nature-lovers\/transport\/","title":{"rendered":"Transport"},"content":{"rendered":"\n<div class=\"wp-block-ws-library-ws-header-interne is-layout-constrained alignfull\"><div class=\"alignwide\"><div class=\"yoast-breadcrumbs\"><span><span><a href=\"https:\/\/www.pugetsurargens-tourisme.com\/en\/2-communes-1-territory\/\">Home<\/a><\/span> \u2022 <span><a href=\"https:\/\/www.puget-lesadrets-tourisme.com\/en\/for-nature-lovers\/\">LES ADRETS-DE-L&rsquo;ESTERELA balcony overlooking the Esterel and the sea<\/a><\/span> \u2022 <span class=\"breadcrumb_last\" aria-current=\"page\">Transport<\/span><\/span><\/div><div class=\"columns\"><div class=\"group-media has-image\"><img loading=\"lazy\" decoding=\"async\" width=\"612\" height=\"408\" src=\"https:\/\/www.puget-lesadrets-tourisme.com\/wp-content\/uploads\/2025\/05\/istockphoto-1343133550-612x612-1.jpg\" alt=\"\" class=\"image_large_square wp-image-8465 \" srcset=\"https:\/\/www.puget-lesadrets-tourisme.com\/wp-content\/uploads\/2025\/05\/istockphoto-1343133550-612x612-1.jpg 612w, https:\/\/www.puget-lesadrets-tourisme.com\/wp-content\/uploads\/2025\/05\/istockphoto-1343133550-612x612-1-300x200.jpg 300w, https:\/\/www.puget-lesadrets-tourisme.com\/wp-content\/uploads\/2025\/05\/istockphoto-1343133550-612x612-1-83x55.jpg 83w\" sizes=\"auto, (max-width: 612px) 100vw, 612px\" \/><\/div><div class=\"group-content\"><div class=\"title\"><h1>Transport<\/h1><\/div><div class=\"introduction\"><p><\/p><\/div><\/div><\/div><\/div><\/div>\n\n<p>To visit the surrounding area, the<strong> Zou<\/strong> bus company offers :<\/p>\n\n<ul class=\"wp-block-list\">\n<li>line 836 to Fr\u00e9jus and Saint Rapha\u00ebl<\/li>\n<\/ul>\n\n<ul class=\"wp-block-list\">\n<li>line 832 to Mandelieu and Cannes<\/li>\n<\/ul>\n\n<p>These 2 lines also serve the entire canton of Fayence behind Lac de St Cassien.<\/p>\n\n<ul class=\"wp-block-list\">\n<li>If you want to get to Nice airport, the same company offers route 90.<\/li>\n<\/ul>\n\n<p>The bus stop is located below our village at the parking lot at the entrance to the freeway.<\/p>\n\n<p>For further information: https: <a href=\"https:\/\/zou.maregionsud.fr\/\">\/\/zou.maregionsud.fr\/<\/a><\/p>\n\n<p><\/p>\n\n<p>Est\u00e9rel C\u00f4te d&#8217;Azur Agglom\u00e9ration has set up an on-demand \u201cALLOBUS\u201d bus that serves the various districts of our village as far as Fr\u00e9jus\/St Rapha\u00ebl, at a cost of \u20ac1.5 per ticket.<\/p>\n\n<p>Reservations must be made by telephone at least 24 hours before departure.<\/p>\n\n<p>Information on 0800 000 858 &#8211; <a href=\"https:\/\/www.esterelcotedazur-lebus.fr\/allobus\/\">https:\/\/www.esterelcotedazur-lebus.fr\/allobus\/<\/a><\/p>\n\n<p><\/p>\n\n<p><\/p>\n","protected":false},"excerpt":{"rendered":"<p>To visit the surrounding area, the Zou bus company offers : These 2 lines also serve the entire canton of [&hellip;]<\/p>\n","protected":false},"author":1,"featured_media":0,"parent":2478,"menu_order":0,"comment_status":"closed","ping_status":"closed","template":"","meta":{"footnotes":""},"category":[],"zone":[937],"class_list":["post-3222","page","type-page","status-publish","hentry","zone-adrets"],"yoast_head":"<!-- This site is optimized with the Yoast SEO plugin v27.0 - https:\/\/yoast.com\/product\/yoast-seo-wordpress\/ -->\n<title>Transportation in Les Adrets de l&#039;Est\u00e9rel - Bus routes<\/title>\n<meta name=\"description\" content=\"How to get around Les Adrets de l&#039;Est\u00e9rel? Information on bus routes, shuttles and other means of transport to visit the area.\" \/>\n<meta name=\"robots\" content=\"index, follow, max-snippet:-1, max-image-preview:large, max-video-preview:-1\" \/>\n<link rel=\"canonical\" href=\"https:\/\/www.puget-lesadrets-tourisme.com\/en\/for-nature-lovers\/transport\/\" \/>\n<meta property=\"og:locale\" content=\"en_US\" \/>\n<meta property=\"og:type\" content=\"article\" \/>\n<meta property=\"og:title\" content=\"Transportation in Les Adrets de l&#039;Est\u00e9rel - Bus routes\" \/>\n<meta property=\"og:description\" content=\"How to get around Les Adrets de l&#039;Est\u00e9rel? Information on bus routes, shuttles and other means of transport to visit the area.\" \/>\n<meta property=\"og:url\" content=\"https:\/\/www.puget-lesadrets-tourisme.com\/en\/for-nature-lovers\/transport\/\" \/>\n<meta property=\"og:site_name\" content=\"Puget sur argens et Les Adrets de l&#039;Est\u00e9rel\" \/>\n<meta property=\"article:modified_time\" content=\"2025-06-05T08:35:15+00:00\" \/>\n<meta property=\"og:image\" content=\"https:\/\/www.puget-lesadrets-tourisme.com\/wp-content\/uploads\/2025\/05\/istockphoto-1343133550-612x612-1.jpg\" \/>\n\t<meta property=\"og:image:width\" content=\"612\" \/>\n\t<meta property=\"og:image:height\" content=\"408\" \/>\n\t<meta property=\"og:image:type\" content=\"image\/jpeg\" \/>\n<meta name=\"twitter:card\" content=\"summary_large_image\" \/>\n<meta name=\"twitter:label1\" content=\"Est. reading time\" \/>\n\t<meta name=\"twitter:data1\" content=\"1 minute\" \/>\n<script type=\"application\/ld+json\" class=\"yoast-schema-graph\">{\"@context\":\"https:\/\/schema.org\",\"@graph\":[{\"@type\":\"WebPage\",\"@id\":\"https:\/\/www.puget-lesadrets-tourisme.com\/en\/for-nature-lovers\/transport\/\",\"url\":\"https:\/\/www.puget-lesadrets-tourisme.com\/en\/for-nature-lovers\/transport\/\",\"name\":\"Transportation in Les Adrets de l'Est\u00e9rel - Bus routes\",\"isPartOf\":{\"@id\":\"https:\/\/www.puget-lesadrets-tourisme.com\/en\/#website\"},\"primaryImageOfPage\":{\"@id\":\"https:\/\/www.puget-lesadrets-tourisme.com\/en\/for-nature-lovers\/transport\/#primaryimage\"},\"image\":{\"@id\":\"https:\/\/www.puget-lesadrets-tourisme.com\/en\/for-nature-lovers\/transport\/#primaryimage\"},\"thumbnailUrl\":\"https:\/\/www.puget-lesadrets-tourisme.com\/wp-content\/uploads\/2025\/05\/istockphoto-1343133550-612x612-1.jpg\",\"datePublished\":\"2025-04-17T09:51:44+00:00\",\"dateModified\":\"2025-06-05T08:35:15+00:00\",\"description\":\"How to get around Les Adrets de l'Est\u00e9rel? Information on bus routes, shuttles and other means of transport to visit the area.\",\"breadcrumb\":{\"@id\":\"https:\/\/www.puget-lesadrets-tourisme.com\/en\/for-nature-lovers\/transport\/#breadcrumb\"},\"inLanguage\":\"en-US\",\"potentialAction\":[{\"@type\":\"ReadAction\",\"target\":[\"https:\/\/www.puget-lesadrets-tourisme.com\/en\/for-nature-lovers\/transport\/\"]}]},{\"@type\":\"ImageObject\",\"inLanguage\":\"en-US\",\"@id\":\"https:\/\/www.puget-lesadrets-tourisme.com\/en\/for-nature-lovers\/transport\/#primaryimage\",\"url\":\"https:\/\/www.puget-lesadrets-tourisme.com\/wp-content\/uploads\/2025\/05\/istockphoto-1343133550-612x612-1.jpg\",\"contentUrl\":\"https:\/\/www.puget-lesadrets-tourisme.com\/wp-content\/uploads\/2025\/05\/istockphoto-1343133550-612x612-1.jpg\"},{\"@type\":\"BreadcrumbList\",\"@id\":\"https:\/\/www.puget-lesadrets-tourisme.com\/en\/for-nature-lovers\/transport\/#breadcrumb\",\"itemListElement\":[{\"@type\":\"ListItem\",\"position\":1,\"name\":\"Home\",\"item\":\"https:\/\/www.pugetsurargens-tourisme.com\/en\/2-communes-1-territory\/\"},{\"@type\":\"ListItem\",\"position\":2,\"name\":\"LES ADRETS-DE-L&rsquo;ESTERELA balcony overlooking the Esterel and the sea\",\"item\":\"https:\/\/www.puget-lesadrets-tourisme.com\/en\/for-nature-lovers\/\"},{\"@type\":\"ListItem\",\"position\":3,\"name\":\"Transport\"}]},{\"@type\":\"WebSite\",\"@id\":\"https:\/\/www.puget-lesadrets-tourisme.com\/en\/#website\",\"url\":\"https:\/\/www.puget-lesadrets-tourisme.com\/en\/\",\"name\":\"Puget , Adrets\",\"description\":\"2 communes, 1 Territoire\",\"publisher\":{\"@id\":\"https:\/\/www.puget-lesadrets-tourisme.com\/en\/#organization\"},\"potentialAction\":[{\"@type\":\"SearchAction\",\"target\":{\"@type\":\"EntryPoint\",\"urlTemplate\":\"https:\/\/www.puget-lesadrets-tourisme.com\/en\/?s={search_term_string}\"},\"query-input\":{\"@type\":\"PropertyValueSpecification\",\"valueRequired\":true,\"valueName\":\"search_term_string\"}}],\"inLanguage\":\"en-US\"},{\"@type\":\"Organization\",\"@id\":\"https:\/\/www.puget-lesadrets-tourisme.com\/en\/#organization\",\"name\":\"Puget , Adrets\",\"url\":\"https:\/\/www.puget-lesadrets-tourisme.com\/en\/\",\"logo\":{\"@type\":\"ImageObject\",\"inLanguage\":\"en-US\",\"@id\":\"https:\/\/www.puget-lesadrets-tourisme.com\/en\/#\/schema\/logo\/image\/\",\"url\":\"https:\/\/www.puget-lesadrets-tourisme.com\/wp-content\/uploads\/2025\/02\/LOGO-OT-PUGET-LES-ADRETS-RVB-2.png\",\"contentUrl\":\"https:\/\/www.puget-lesadrets-tourisme.com\/wp-content\/uploads\/2025\/02\/LOGO-OT-PUGET-LES-ADRETS-RVB-2.png\",\"width\":512,\"height\":512,\"caption\":\"Puget , Adrets\"},\"image\":{\"@id\":\"https:\/\/www.puget-lesadrets-tourisme.com\/en\/#\/schema\/logo\/image\/\"}}]}<\/script>\n<!-- \/ Yoast SEO plugin. -->","yoast_head_json":{"title":"Transportation in Les Adrets de l'Est\u00e9rel - Bus routes","description":"How to get around Les Adrets de l'Est\u00e9rel? Information on bus routes, shuttles and other means of transport to visit the area.","robots":{"index":"index","follow":"follow","max-snippet":"max-snippet:-1","max-image-preview":"max-image-preview:large","max-video-preview":"max-video-preview:-1"},"canonical":"https:\/\/www.puget-lesadrets-tourisme.com\/en\/for-nature-lovers\/transport\/","og_locale":"en_US","og_type":"article","og_title":"Transportation in Les Adrets de l'Est\u00e9rel - Bus routes","og_description":"How to get around Les Adrets de l'Est\u00e9rel? Information on bus routes, shuttles and other means of transport to visit the area.","og_url":"https:\/\/www.puget-lesadrets-tourisme.com\/en\/for-nature-lovers\/transport\/","og_site_name":"Puget sur argens et Les Adrets de l&#039;Est\u00e9rel","article_modified_time":"2025-06-05T08:35:15+00:00","og_image":[{"width":612,"height":408,"url":"https:\/\/www.puget-lesadrets-tourisme.com\/wp-content\/uploads\/2025\/05\/istockphoto-1343133550-612x612-1.jpg","type":"image\/jpeg"}],"twitter_card":"summary_large_image","twitter_misc":{"Est. reading time":"1 minute"},"schema":{"@context":"https:\/\/schema.org","@graph":[{"@type":"WebPage","@id":"https:\/\/www.puget-lesadrets-tourisme.com\/en\/for-nature-lovers\/transport\/","url":"https:\/\/www.puget-lesadrets-tourisme.com\/en\/for-nature-lovers\/transport\/","name":"Transportation in Les Adrets de l'Est\u00e9rel - Bus routes","isPartOf":{"@id":"https:\/\/www.puget-lesadrets-tourisme.com\/en\/#website"},"primaryImageOfPage":{"@id":"https:\/\/www.puget-lesadrets-tourisme.com\/en\/for-nature-lovers\/transport\/#primaryimage"},"image":{"@id":"https:\/\/www.puget-lesadrets-tourisme.com\/en\/for-nature-lovers\/transport\/#primaryimage"},"thumbnailUrl":"https:\/\/www.puget-lesadrets-tourisme.com\/wp-content\/uploads\/2025\/05\/istockphoto-1343133550-612x612-1.jpg","datePublished":"2025-04-17T09:51:44+00:00","dateModified":"2025-06-05T08:35:15+00:00","description":"How to get around Les Adrets de l'Est\u00e9rel? Information on bus routes, shuttles and other means of transport to visit the area.","breadcrumb":{"@id":"https:\/\/www.puget-lesadrets-tourisme.com\/en\/for-nature-lovers\/transport\/#breadcrumb"},"inLanguage":"en-US","potentialAction":[{"@type":"ReadAction","target":["https:\/\/www.puget-lesadrets-tourisme.com\/en\/for-nature-lovers\/transport\/"]}]},{"@type":"ImageObject","inLanguage":"en-US","@id":"https:\/\/www.puget-lesadrets-tourisme.com\/en\/for-nature-lovers\/transport\/#primaryimage","url":"https:\/\/www.puget-lesadrets-tourisme.com\/wp-content\/uploads\/2025\/05\/istockphoto-1343133550-612x612-1.jpg","contentUrl":"https:\/\/www.puget-lesadrets-tourisme.com\/wp-content\/uploads\/2025\/05\/istockphoto-1343133550-612x612-1.jpg"},{"@type":"BreadcrumbList","@id":"https:\/\/www.puget-lesadrets-tourisme.com\/en\/for-nature-lovers\/transport\/#breadcrumb","itemListElement":[{"@type":"ListItem","position":1,"name":"Home","item":"https:\/\/www.pugetsurargens-tourisme.com\/en\/2-communes-1-territory\/"},{"@type":"ListItem","position":2,"name":"LES ADRETS-DE-L&rsquo;ESTERELA balcony overlooking the Esterel and the sea","item":"https:\/\/www.puget-lesadrets-tourisme.com\/en\/for-nature-lovers\/"},{"@type":"ListItem","position":3,"name":"Transport"}]},{"@type":"WebSite","@id":"https:\/\/www.puget-lesadrets-tourisme.com\/en\/#website","url":"https:\/\/www.puget-lesadrets-tourisme.com\/en\/","name":"Puget , Adrets","description":"2 communes, 1 Territoire","publisher":{"@id":"https:\/\/www.puget-lesadrets-tourisme.com\/en\/#organization"},"potentialAction":[{"@type":"SearchAction","target":{"@type":"EntryPoint","urlTemplate":"https:\/\/www.puget-lesadrets-tourisme.com\/en\/?s={search_term_string}"},"query-input":{"@type":"PropertyValueSpecification","valueRequired":true,"valueName":"search_term_string"}}],"inLanguage":"en-US"},{"@type":"Organization","@id":"https:\/\/www.puget-lesadrets-tourisme.com\/en\/#organization","name":"Puget , Adrets","url":"https:\/\/www.puget-lesadrets-tourisme.com\/en\/","logo":{"@type":"ImageObject","inLanguage":"en-US","@id":"https:\/\/www.puget-lesadrets-tourisme.com\/en\/#\/schema\/logo\/image\/","url":"https:\/\/www.puget-lesadrets-tourisme.com\/wp-content\/uploads\/2025\/02\/LOGO-OT-PUGET-LES-ADRETS-RVB-2.png","contentUrl":"https:\/\/www.puget-lesadrets-tourisme.com\/wp-content\/uploads\/2025\/02\/LOGO-OT-PUGET-LES-ADRETS-RVB-2.png","width":512,"height":512,"caption":"Puget , Adrets"},"image":{"@id":"https:\/\/www.puget-lesadrets-tourisme.com\/en\/#\/schema\/logo\/image\/"}}]}},"_links":{"self":[{"href":"https:\/\/www.puget-lesadrets-tourisme.com\/en\/wp-json\/wp\/v2\/pages\/3222","targetHints":{"allow":["GET"]}}],"collection":[{"href":"https:\/\/www.puget-lesadrets-tourisme.com\/en\/wp-json\/wp\/v2\/pages"}],"about":[{"href":"https:\/\/www.puget-lesadrets-tourisme.com\/en\/wp-json\/wp\/v2\/types\/page"}],"author":[{"embeddable":true,"href":"https:\/\/www.puget-lesadrets-tourisme.com\/en\/wp-json\/wp\/v2\/users\/1"}],"replies":[{"embeddable":true,"href":"https:\/\/www.puget-lesadrets-tourisme.com\/en\/wp-json\/wp\/v2\/comments?post=3222"}],"version-history":[{"count":0,"href":"https:\/\/www.puget-lesadrets-tourisme.com\/en\/wp-json\/wp\/v2\/pages\/3222\/revisions"}],"up":[{"embeddable":true,"href":"https:\/\/www.puget-lesadrets-tourisme.com\/en\/wp-json\/wp\/v2\/pages\/2478"}],"wp:attachment":[{"href":"https:\/\/www.puget-lesadrets-tourisme.com\/en\/wp-json\/wp\/v2\/media?parent=3222"}],"wp:term":[{"taxonomy":"category","embeddable":true,"href":"https:\/\/www.puget-lesadrets-tourisme.com\/en\/wp-json\/wp\/v2\/category?post=3222"},{"taxonomy":"zone","embeddable":true,"href":"https:\/\/www.puget-lesadrets-tourisme.com\/en\/wp-json\/wp\/v2\/zone?post=3222"}],"curies":[{"name":"wp","href":"https:\/\/api.w.org\/{rel}","templated":true}]}}