{"id":2469,"date":"2025-03-19T11:24:29","date_gmt":"2025-03-19T10:24:29","guid":{"rendered":"https:\/\/www.puget-lesadrets-tourisme.com\/esterel-cote-dazur\/"},"modified":"2025-04-16T16:32:38","modified_gmt":"2025-04-16T14:32:38","slug":"esterel-cote-dazur","status":"publish","type":"page","link":"https:\/\/www.puget-lesadrets-tourisme.com\/en\/for-nature-lovers\/the-territory\/esterel-cote-dazur\/","title":{"rendered":"Est\u00e9rel C\u00f4te d&#8217;Azur"},"content":{"rendered":"\n<div class=\"wp-block-ws-library-ws-header-interne is-layout-constrained alignfull\"><div class=\"alignwide\"><div class=\"yoast-breadcrumbs\"><span><span><a href=\"https:\/\/www.pugetsurargens-tourisme.com\/en\/2-communes-1-territory\/\">Home<\/a><\/span> \u2022 <span class=\"breadcrumb_last\" aria-current=\"page\">Est\u00e9rel C\u00f4te d&rsquo;Azur<\/span><\/span><\/div><div class=\"columns\"><div class=\"group-media\"><\/div><div class=\"group-content\"><div class=\"title\"><h1>Est\u00e9rel C\u00f4te d&#8217;Azur<\/h1><\/div><div class=\"introduction\"><p><\/p><\/div><\/div><\/div><\/div><\/div>\n","protected":false},"excerpt":{"rendered":"","protected":false},"author":1,"featured_media":0,"parent":2468,"menu_order":0,"comment_status":"closed","ping_status":"closed","template":"","meta":{"footnotes":""},"category":[],"zone":[],"class_list":["post-2469","page","type-page","status-publish","hentry"],"yoast_head":"<!-- This site is optimized with the Yoast SEO plugin v27.0 - https:\/\/yoast.com\/product\/yoast-seo-wordpress\/ -->\n<title>Est\u00e9rel C\u00f4te d&#039;Azur - Puget sur argens et Les Adrets de l&#039;Est\u00e9rel<\/title>\n<meta name=\"robots\" content=\"index, follow, max-snippet:-1, max-image-preview:large, max-video-preview:-1\" \/>\n<link rel=\"canonical\" href=\"https:\/\/www.puget-lesadrets-tourisme.com\/en\/for-nature-lovers\/the-territory\/esterel-cote-dazur\/\" \/>\n<meta property=\"og:locale\" content=\"en_US\" \/>\n<meta property=\"og:type\" content=\"article\" \/>\n<meta property=\"og:title\" content=\"Est\u00e9rel C\u00f4te d&#039;Azur - Puget sur argens et Les Adrets de l&#039;Est\u00e9rel\" \/>\n<meta property=\"og:url\" content=\"https:\/\/www.puget-lesadrets-tourisme.com\/en\/for-nature-lovers\/the-territory\/esterel-cote-dazur\/\" \/>\n<meta property=\"og:site_name\" content=\"Puget sur argens et Les Adrets de l&#039;Est\u00e9rel\" \/>\n<meta property=\"article:modified_time\" content=\"2025-04-16T14:32:38+00:00\" \/>\n<meta name=\"twitter:card\" content=\"summary_large_image\" \/>\n<script type=\"application\/ld+json\" class=\"yoast-schema-graph\">{\"@context\":\"https:\/\/schema.org\",\"@graph\":[{\"@type\":\"WebPage\",\"@id\":\"https:\/\/www.puget-lesadrets-tourisme.com\/en\/for-nature-lovers\/the-territory\/esterel-cote-dazur\/\",\"url\":\"https:\/\/www.puget-lesadrets-tourisme.com\/en\/for-nature-lovers\/the-territory\/esterel-cote-dazur\/\",\"name\":\"Est\u00e9rel C\u00f4te d'Azur - Puget sur argens et Les Adrets de l&#039;Est\u00e9rel\",\"isPartOf\":{\"@id\":\"https:\/\/www.puget-lesadrets-tourisme.com\/en\/#website\"},\"datePublished\":\"2025-03-19T10:24:29+00:00\",\"dateModified\":\"2025-04-16T14:32:38+00:00\",\"breadcrumb\":{\"@id\":\"https:\/\/www.puget-lesadrets-tourisme.com\/en\/for-nature-lovers\/the-territory\/esterel-cote-dazur\/#breadcrumb\"},\"inLanguage\":\"en-US\",\"potentialAction\":[{\"@type\":\"ReadAction\",\"target\":[\"https:\/\/www.puget-lesadrets-tourisme.com\/en\/for-nature-lovers\/the-territory\/esterel-cote-dazur\/\"]}]},{\"@type\":\"BreadcrumbList\",\"@id\":\"https:\/\/www.puget-lesadrets-tourisme.com\/en\/for-nature-lovers\/the-territory\/esterel-cote-dazur\/#breadcrumb\",\"itemListElement\":[{\"@type\":\"ListItem\",\"position\":1,\"name\":\"Home\",\"item\":\"https:\/\/www.pugetsurargens-tourisme.com\/en\/2-communes-1-territory\/\"},{\"@type\":\"ListItem\",\"position\":2,\"name\":\"Est\u00e9rel C\u00f4te d&rsquo;Azur\"}]},{\"@type\":\"WebSite\",\"@id\":\"https:\/\/www.puget-lesadrets-tourisme.com\/en\/#website\",\"url\":\"https:\/\/www.puget-lesadrets-tourisme.com\/en\/\",\"name\":\"Puget , Adrets\",\"description\":\"2 communes, 1 Territoire\",\"publisher\":{\"@id\":\"https:\/\/www.puget-lesadrets-tourisme.com\/en\/#organization\"},\"potentialAction\":[{\"@type\":\"SearchAction\",\"target\":{\"@type\":\"EntryPoint\",\"urlTemplate\":\"https:\/\/www.puget-lesadrets-tourisme.com\/en\/?s={search_term_string}\"},\"query-input\":{\"@type\":\"PropertyValueSpecification\",\"valueRequired\":true,\"valueName\":\"search_term_string\"}}],\"inLanguage\":\"en-US\"},{\"@type\":\"Organization\",\"@id\":\"https:\/\/www.puget-lesadrets-tourisme.com\/en\/#organization\",\"name\":\"Puget , Adrets\",\"url\":\"https:\/\/www.puget-lesadrets-tourisme.com\/en\/\",\"logo\":{\"@type\":\"ImageObject\",\"inLanguage\":\"en-US\",\"@id\":\"https:\/\/www.puget-lesadrets-tourisme.com\/en\/#\/schema\/logo\/image\/\",\"url\":\"https:\/\/www.puget-lesadrets-tourisme.com\/wp-content\/uploads\/2025\/02\/LOGO-OT-PUGET-LES-ADRETS-RVB-2.png\",\"contentUrl\":\"https:\/\/www.puget-lesadrets-tourisme.com\/wp-content\/uploads\/2025\/02\/LOGO-OT-PUGET-LES-ADRETS-RVB-2.png\",\"width\":512,\"height\":512,\"caption\":\"Puget , Adrets\"},\"image\":{\"@id\":\"https:\/\/www.puget-lesadrets-tourisme.com\/en\/#\/schema\/logo\/image\/\"}}]}<\/script>\n<!-- \/ Yoast SEO plugin. -->","yoast_head_json":{"title":"Est\u00e9rel C\u00f4te d'Azur - Puget sur argens et Les Adrets de l&#039;Est\u00e9rel","robots":{"index":"index","follow":"follow","max-snippet":"max-snippet:-1","max-image-preview":"max-image-preview:large","max-video-preview":"max-video-preview:-1"},"canonical":"https:\/\/www.puget-lesadrets-tourisme.com\/en\/for-nature-lovers\/the-territory\/esterel-cote-dazur\/","og_locale":"en_US","og_type":"article","og_title":"Est\u00e9rel C\u00f4te d'Azur - Puget sur argens et Les Adrets de l&#039;Est\u00e9rel","og_url":"https:\/\/www.puget-lesadrets-tourisme.com\/en\/for-nature-lovers\/the-territory\/esterel-cote-dazur\/","og_site_name":"Puget sur argens et Les Adrets de l&#039;Est\u00e9rel","article_modified_time":"2025-04-16T14:32:38+00:00","twitter_card":"summary_large_image","schema":{"@context":"https:\/\/schema.org","@graph":[{"@type":"WebPage","@id":"https:\/\/www.puget-lesadrets-tourisme.com\/en\/for-nature-lovers\/the-territory\/esterel-cote-dazur\/","url":"https:\/\/www.puget-lesadrets-tourisme.com\/en\/for-nature-lovers\/the-territory\/esterel-cote-dazur\/","name":"Est\u00e9rel C\u00f4te d'Azur - Puget sur argens et Les Adrets de l&#039;Est\u00e9rel","isPartOf":{"@id":"https:\/\/www.puget-lesadrets-tourisme.com\/en\/#website"},"datePublished":"2025-03-19T10:24:29+00:00","dateModified":"2025-04-16T14:32:38+00:00","breadcrumb":{"@id":"https:\/\/www.puget-lesadrets-tourisme.com\/en\/for-nature-lovers\/the-territory\/esterel-cote-dazur\/#breadcrumb"},"inLanguage":"en-US","potentialAction":[{"@type":"ReadAction","target":["https:\/\/www.puget-lesadrets-tourisme.com\/en\/for-nature-lovers\/the-territory\/esterel-cote-dazur\/"]}]},{"@type":"BreadcrumbList","@id":"https:\/\/www.puget-lesadrets-tourisme.com\/en\/for-nature-lovers\/the-territory\/esterel-cote-dazur\/#breadcrumb","itemListElement":[{"@type":"ListItem","position":1,"name":"Home","item":"https:\/\/www.pugetsurargens-tourisme.com\/en\/2-communes-1-territory\/"},{"@type":"ListItem","position":2,"name":"Est\u00e9rel C\u00f4te d&rsquo;Azur"}]},{"@type":"WebSite","@id":"https:\/\/www.puget-lesadrets-tourisme.com\/en\/#website","url":"https:\/\/www.puget-lesadrets-tourisme.com\/en\/","name":"Puget , Adrets","description":"2 communes, 1 Territoire","publisher":{"@id":"https:\/\/www.puget-lesadrets-tourisme.com\/en\/#organization"},"potentialAction":[{"@type":"SearchAction","target":{"@type":"EntryPoint","urlTemplate":"https:\/\/www.puget-lesadrets-tourisme.com\/en\/?s={search_term_string}"},"query-input":{"@type":"PropertyValueSpecification","valueRequired":true,"valueName":"search_term_string"}}],"inLanguage":"en-US"},{"@type":"Organization","@id":"https:\/\/www.puget-lesadrets-tourisme.com\/en\/#organization","name":"Puget , Adrets","url":"https:\/\/www.puget-lesadrets-tourisme.com\/en\/","logo":{"@type":"ImageObject","inLanguage":"en-US","@id":"https:\/\/www.puget-lesadrets-tourisme.com\/en\/#\/schema\/logo\/image\/","url":"https:\/\/www.puget-lesadrets-tourisme.com\/wp-content\/uploads\/2025\/02\/LOGO-OT-PUGET-LES-ADRETS-RVB-2.png","contentUrl":"https:\/\/www.puget-lesadrets-tourisme.com\/wp-content\/uploads\/2025\/02\/LOGO-OT-PUGET-LES-ADRETS-RVB-2.png","width":512,"height":512,"caption":"Puget , Adrets"},"image":{"@id":"https:\/\/www.puget-lesadrets-tourisme.com\/en\/#\/schema\/logo\/image\/"}}]}},"_links":{"self":[{"href":"https:\/\/www.puget-lesadrets-tourisme.com\/en\/wp-json\/wp\/v2\/pages\/2469","targetHints":{"allow":["GET"]}}],"collection":[{"href":"https:\/\/www.puget-lesadrets-tourisme.com\/en\/wp-json\/wp\/v2\/pages"}],"about":[{"href":"https:\/\/www.puget-lesadrets-tourisme.com\/en\/wp-json\/wp\/v2\/types\/page"}],"author":[{"embeddable":true,"href":"https:\/\/www.puget-lesadrets-tourisme.com\/en\/wp-json\/wp\/v2\/users\/1"}],"replies":[{"embeddable":true,"href":"https:\/\/www.puget-lesadrets-tourisme.com\/en\/wp-json\/wp\/v2\/comments?post=2469"}],"version-history":[{"count":0,"href":"https:\/\/www.puget-lesadrets-tourisme.com\/en\/wp-json\/wp\/v2\/pages\/2469\/revisions"}],"up":[{"embeddable":true,"href":"https:\/\/www.puget-lesadrets-tourisme.com\/en\/wp-json\/wp\/v2\/pages\/2468"}],"wp:attachment":[{"href":"https:\/\/www.puget-lesadrets-tourisme.com\/en\/wp-json\/wp\/v2\/media?parent=2469"}],"wp:term":[{"taxonomy":"category","embeddable":true,"href":"https:\/\/www.puget-lesadrets-tourisme.com\/en\/wp-json\/wp\/v2\/category?post=2469"},{"taxonomy":"zone","embeddable":true,"href":"https:\/\/www.puget-lesadrets-tourisme.com\/en\/wp-json\/wp\/v2\/zone?post=2469"}],"curies":[{"name":"wp","href":"https:\/\/api.w.org\/{rel}","templated":true}]}}