{"id":2468,"date":"2025-03-19T11:18:38","date_gmt":"2025-03-19T10:18:38","guid":{"rendered":"https:\/\/www.puget-lesadrets-tourisme.com\/the-territory\/"},"modified":"2025-06-11T14:25:51","modified_gmt":"2025-06-11T12:25:51","slug":"the-territory","status":"publish","type":"page","link":"https:\/\/www.puget-lesadrets-tourisme.com\/en\/for-nature-lovers\/the-territory\/","title":{"rendered":"The territory"},"content":{"rendered":"\n<div class=\"wp-block-ws-library-ws-header-interne is-layout-constrained alignfull\"><div class=\"alignwide\"><div class=\"yoast-breadcrumbs\"><span><span><a href=\"https:\/\/www.pugetsurargens-tourisme.com\/en\/2-communes-1-territory\/\">Home<\/a><\/span> \u2022 <span><a href=\"https:\/\/www.puget-lesadrets-tourisme.com\/en\/for-nature-lovers\/\">LES ADRETS-DE-L&rsquo;ESTERELA balcony overlooking the Esterel and the sea<\/a><\/span> \u2022 <span class=\"breadcrumb_last\" aria-current=\"page\">The territory<\/span><\/span><\/div><div class=\"columns\"><div class=\"group-media\"><\/div><div class=\"group-content\"><div class=\"title\"><h1>The territory<\/h1><\/div><div class=\"introduction\"><p><\/p><\/div><\/div><\/div><\/div><\/div>\n<div class=\"wp-block-ws-library-ws-list-childs\"><div class=\"child-pages-list list-items list-2-3-4\"><div class=\"item\" data-season=\"all-seasons\"><div class=\"card card-child\"><div class=\"group-media\"><div class=\"field-image\"><img decoding=\"async\" width=\"260\" height=\"400\" src=\"https:\/\/www.puget-lesadrets-tourisme.com\/wp-content\/uploads\/2025\/05\/adrets-vue-3-260x400.jpg\" class=\"winter all-seasons wp-post-image\" alt=\"\" loading=\"lazy\" data-season=\"all-seasons\" \/><\/div><\/div><div class=\"group-content\"><span class=\"field-title\">Les Adrets-de-l&#8217;Est\u00e9rel<\/span><\/div><div class=\"field-link\"><a href=\"https:\/\/www.puget-lesadrets-tourisme.com\/en\/for-nature-lovers\/the-territory\/the-adrets-of-the-esterel\/\" class=\"cardlink\">Voir plus<\/a><\/div><\/div><\/div><div class=\"item\" data-season=\"all-seasons\"><div class=\"card card-child\"><div class=\"group-media\"><div class=\"field-image is-default\"><img decoding=\"async\" src=\"https:\/\/www.puget-lesadrets-tourisme.com\/wp-content\/uploads\/2025\/02\/LOGO-OT-PUGET-LES-ADRETS-RVB-2-300x300.png\" alt=\"Puget sur argens et Les Adrets de l&#039;Est\u00e9rel\" style=\"filter: grayscale(100%);\" loading=\"lazy\" \/><\/div><\/div><div class=\"group-content\"><span class=\"field-title\">Est\u00e9rel C\u00f4te d&#8217;Azur<\/span><\/div><div class=\"field-link\"><a href=\"https:\/\/www.puget-lesadrets-tourisme.com\/en\/for-nature-lovers\/the-territory\/esterel-cote-dazur\/\" class=\"cardlink\">Voir plus<\/a><\/div><\/div><\/div><\/div><\/div>","protected":false},"excerpt":{"rendered":"","protected":false},"author":1,"featured_media":0,"parent":2478,"menu_order":0,"comment_status":"closed","ping_status":"closed","template":"","meta":{"footnotes":""},"category":[],"zone":[937],"class_list":["post-2468","page","type-page","status-publish","hentry","zone-adrets"],"yoast_head":"<!-- This site is optimized with the Yoast SEO plugin v27.0 - https:\/\/yoast.com\/product\/yoast-seo-wordpress\/ -->\n<title>The territory - Les Adrets de l&#039;Est\u00e9rel<\/title>\n<meta name=\"description\" content=\"Discover the Adrets de l&#039;Est\u00e9rel region: Provencal authenticity, unspoilt nature and an exceptional living environment on the C\u00f4te d&#039;Azur.\" \/>\n<meta name=\"robots\" content=\"index, follow, max-snippet:-1, max-image-preview:large, max-video-preview:-1\" \/>\n<link rel=\"canonical\" href=\"https:\/\/www.puget-lesadrets-tourisme.com\/en\/for-nature-lovers\/the-territory\/\" \/>\n<meta property=\"og:locale\" content=\"en_US\" \/>\n<meta property=\"og:type\" content=\"article\" \/>\n<meta property=\"og:title\" content=\"The territory - Les Adrets de l&#039;Est\u00e9rel\" \/>\n<meta property=\"og:description\" content=\"Discover the Adrets de l&#039;Est\u00e9rel region: Provencal authenticity, unspoilt nature and an exceptional living environment on the C\u00f4te d&#039;Azur.\" \/>\n<meta property=\"og:url\" content=\"https:\/\/www.puget-lesadrets-tourisme.com\/en\/for-nature-lovers\/the-territory\/\" \/>\n<meta property=\"og:site_name\" content=\"Puget sur argens et Les Adrets de l&#039;Est\u00e9rel\" \/>\n<meta property=\"article:modified_time\" content=\"2025-06-11T12:25:51+00:00\" \/>\n<meta name=\"twitter:card\" content=\"summary_large_image\" \/>\n<script type=\"application\/ld+json\" class=\"yoast-schema-graph\">{\"@context\":\"https:\/\/schema.org\",\"@graph\":[{\"@type\":\"WebPage\",\"@id\":\"https:\/\/www.puget-lesadrets-tourisme.com\/en\/for-nature-lovers\/the-territory\/\",\"url\":\"https:\/\/www.puget-lesadrets-tourisme.com\/en\/for-nature-lovers\/the-territory\/\",\"name\":\"The territory - Les Adrets de l'Est\u00e9rel\",\"isPartOf\":{\"@id\":\"https:\/\/www.puget-lesadrets-tourisme.com\/en\/#website\"},\"datePublished\":\"2025-03-19T10:18:38+00:00\",\"dateModified\":\"2025-06-11T12:25:51+00:00\",\"description\":\"Discover the Adrets de l'Est\u00e9rel region: Provencal authenticity, unspoilt nature and an exceptional living environment on the C\u00f4te d'Azur.\",\"breadcrumb\":{\"@id\":\"https:\/\/www.puget-lesadrets-tourisme.com\/en\/for-nature-lovers\/the-territory\/#breadcrumb\"},\"inLanguage\":\"en-US\",\"potentialAction\":[{\"@type\":\"ReadAction\",\"target\":[\"https:\/\/www.puget-lesadrets-tourisme.com\/en\/for-nature-lovers\/the-territory\/\"]}]},{\"@type\":\"BreadcrumbList\",\"@id\":\"https:\/\/www.puget-lesadrets-tourisme.com\/en\/for-nature-lovers\/the-territory\/#breadcrumb\",\"itemListElement\":[{\"@type\":\"ListItem\",\"position\":1,\"name\":\"Home\",\"item\":\"https:\/\/www.pugetsurargens-tourisme.com\/en\/2-communes-1-territory\/\"},{\"@type\":\"ListItem\",\"position\":2,\"name\":\"LES ADRETS-DE-L&rsquo;ESTERELA balcony overlooking the Esterel and the sea\",\"item\":\"https:\/\/www.puget-lesadrets-tourisme.com\/en\/for-nature-lovers\/\"},{\"@type\":\"ListItem\",\"position\":3,\"name\":\"The territory\"}]},{\"@type\":\"WebSite\",\"@id\":\"https:\/\/www.puget-lesadrets-tourisme.com\/en\/#website\",\"url\":\"https:\/\/www.puget-lesadrets-tourisme.com\/en\/\",\"name\":\"Puget , Adrets\",\"description\":\"2 communes, 1 Territoire\",\"publisher\":{\"@id\":\"https:\/\/www.puget-lesadrets-tourisme.com\/en\/#organization\"},\"potentialAction\":[{\"@type\":\"SearchAction\",\"target\":{\"@type\":\"EntryPoint\",\"urlTemplate\":\"https:\/\/www.puget-lesadrets-tourisme.com\/en\/?s={search_term_string}\"},\"query-input\":{\"@type\":\"PropertyValueSpecification\",\"valueRequired\":true,\"valueName\":\"search_term_string\"}}],\"inLanguage\":\"en-US\"},{\"@type\":\"Organization\",\"@id\":\"https:\/\/www.puget-lesadrets-tourisme.com\/en\/#organization\",\"name\":\"Puget , Adrets\",\"url\":\"https:\/\/www.puget-lesadrets-tourisme.com\/en\/\",\"logo\":{\"@type\":\"ImageObject\",\"inLanguage\":\"en-US\",\"@id\":\"https:\/\/www.puget-lesadrets-tourisme.com\/en\/#\/schema\/logo\/image\/\",\"url\":\"https:\/\/www.puget-lesadrets-tourisme.com\/wp-content\/uploads\/2025\/02\/LOGO-OT-PUGET-LES-ADRETS-RVB-2.png\",\"contentUrl\":\"https:\/\/www.puget-lesadrets-tourisme.com\/wp-content\/uploads\/2025\/02\/LOGO-OT-PUGET-LES-ADRETS-RVB-2.png\",\"width\":512,\"height\":512,\"caption\":\"Puget , Adrets\"},\"image\":{\"@id\":\"https:\/\/www.puget-lesadrets-tourisme.com\/en\/#\/schema\/logo\/image\/\"}}]}<\/script>\n<!-- \/ Yoast SEO plugin. -->","yoast_head_json":{"title":"The territory - Les Adrets de l'Est\u00e9rel","description":"Discover the Adrets de l'Est\u00e9rel region: Provencal authenticity, unspoilt nature and an exceptional living environment on the C\u00f4te d'Azur.","robots":{"index":"index","follow":"follow","max-snippet":"max-snippet:-1","max-image-preview":"max-image-preview:large","max-video-preview":"max-video-preview:-1"},"canonical":"https:\/\/www.puget-lesadrets-tourisme.com\/en\/for-nature-lovers\/the-territory\/","og_locale":"en_US","og_type":"article","og_title":"The territory - Les Adrets de l'Est\u00e9rel","og_description":"Discover the Adrets de l'Est\u00e9rel region: Provencal authenticity, unspoilt nature and an exceptional living environment on the C\u00f4te d'Azur.","og_url":"https:\/\/www.puget-lesadrets-tourisme.com\/en\/for-nature-lovers\/the-territory\/","og_site_name":"Puget sur argens et Les Adrets de l&#039;Est\u00e9rel","article_modified_time":"2025-06-11T12:25:51+00:00","twitter_card":"summary_large_image","schema":{"@context":"https:\/\/schema.org","@graph":[{"@type":"WebPage","@id":"https:\/\/www.puget-lesadrets-tourisme.com\/en\/for-nature-lovers\/the-territory\/","url":"https:\/\/www.puget-lesadrets-tourisme.com\/en\/for-nature-lovers\/the-territory\/","name":"The territory - Les Adrets de l'Est\u00e9rel","isPartOf":{"@id":"https:\/\/www.puget-lesadrets-tourisme.com\/en\/#website"},"datePublished":"2025-03-19T10:18:38+00:00","dateModified":"2025-06-11T12:25:51+00:00","description":"Discover the Adrets de l'Est\u00e9rel region: Provencal authenticity, unspoilt nature and an exceptional living environment on the C\u00f4te d'Azur.","breadcrumb":{"@id":"https:\/\/www.puget-lesadrets-tourisme.com\/en\/for-nature-lovers\/the-territory\/#breadcrumb"},"inLanguage":"en-US","potentialAction":[{"@type":"ReadAction","target":["https:\/\/www.puget-lesadrets-tourisme.com\/en\/for-nature-lovers\/the-territory\/"]}]},{"@type":"BreadcrumbList","@id":"https:\/\/www.puget-lesadrets-tourisme.com\/en\/for-nature-lovers\/the-territory\/#breadcrumb","itemListElement":[{"@type":"ListItem","position":1,"name":"Home","item":"https:\/\/www.pugetsurargens-tourisme.com\/en\/2-communes-1-territory\/"},{"@type":"ListItem","position":2,"name":"LES ADRETS-DE-L&rsquo;ESTERELA balcony overlooking the Esterel and the sea","item":"https:\/\/www.puget-lesadrets-tourisme.com\/en\/for-nature-lovers\/"},{"@type":"ListItem","position":3,"name":"The territory"}]},{"@type":"WebSite","@id":"https:\/\/www.puget-lesadrets-tourisme.com\/en\/#website","url":"https:\/\/www.puget-lesadrets-tourisme.com\/en\/","name":"Puget , Adrets","description":"2 communes, 1 Territoire","publisher":{"@id":"https:\/\/www.puget-lesadrets-tourisme.com\/en\/#organization"},"potentialAction":[{"@type":"SearchAction","target":{"@type":"EntryPoint","urlTemplate":"https:\/\/www.puget-lesadrets-tourisme.com\/en\/?s={search_term_string}"},"query-input":{"@type":"PropertyValueSpecification","valueRequired":true,"valueName":"search_term_string"}}],"inLanguage":"en-US"},{"@type":"Organization","@id":"https:\/\/www.puget-lesadrets-tourisme.com\/en\/#organization","name":"Puget , Adrets","url":"https:\/\/www.puget-lesadrets-tourisme.com\/en\/","logo":{"@type":"ImageObject","inLanguage":"en-US","@id":"https:\/\/www.puget-lesadrets-tourisme.com\/en\/#\/schema\/logo\/image\/","url":"https:\/\/www.puget-lesadrets-tourisme.com\/wp-content\/uploads\/2025\/02\/LOGO-OT-PUGET-LES-ADRETS-RVB-2.png","contentUrl":"https:\/\/www.puget-lesadrets-tourisme.com\/wp-content\/uploads\/2025\/02\/LOGO-OT-PUGET-LES-ADRETS-RVB-2.png","width":512,"height":512,"caption":"Puget , Adrets"},"image":{"@id":"https:\/\/www.puget-lesadrets-tourisme.com\/en\/#\/schema\/logo\/image\/"}}]}},"_links":{"self":[{"href":"https:\/\/www.puget-lesadrets-tourisme.com\/en\/wp-json\/wp\/v2\/pages\/2468","targetHints":{"allow":["GET"]}}],"collection":[{"href":"https:\/\/www.puget-lesadrets-tourisme.com\/en\/wp-json\/wp\/v2\/pages"}],"about":[{"href":"https:\/\/www.puget-lesadrets-tourisme.com\/en\/wp-json\/wp\/v2\/types\/page"}],"author":[{"embeddable":true,"href":"https:\/\/www.puget-lesadrets-tourisme.com\/en\/wp-json\/wp\/v2\/users\/1"}],"replies":[{"embeddable":true,"href":"https:\/\/www.puget-lesadrets-tourisme.com\/en\/wp-json\/wp\/v2\/comments?post=2468"}],"version-history":[{"count":2,"href":"https:\/\/www.puget-lesadrets-tourisme.com\/en\/wp-json\/wp\/v2\/pages\/2468\/revisions"}],"predecessor-version":[{"id":10974,"href":"https:\/\/www.puget-lesadrets-tourisme.com\/en\/wp-json\/wp\/v2\/pages\/2468\/revisions\/10974"}],"up":[{"embeddable":true,"href":"https:\/\/www.puget-lesadrets-tourisme.com\/en\/wp-json\/wp\/v2\/pages\/2478"}],"wp:attachment":[{"href":"https:\/\/www.puget-lesadrets-tourisme.com\/en\/wp-json\/wp\/v2\/media?parent=2468"}],"wp:term":[{"taxonomy":"category","embeddable":true,"href":"https:\/\/www.puget-lesadrets-tourisme.com\/en\/wp-json\/wp\/v2\/category?post=2468"},{"taxonomy":"zone","embeddable":true,"href":"https:\/\/www.puget-lesadrets-tourisme.com\/en\/wp-json\/wp\/v2\/zone?post=2468"}],"curies":[{"name":"wp","href":"https:\/\/api.w.org\/{rel}","templated":true}]}}