{"id":2467,"date":"2025-03-19T12:30:13","date_gmt":"2025-03-19T11:30:13","guid":{"rendered":"https:\/\/www.puget-lesadrets-tourisme.com\/the-pilgrims-way-to-santiago-de-compostela\/"},"modified":"2025-08-16T15:59:57","modified_gmt":"2025-08-16T13:59:57","slug":"the-pilgrims-way-to-santiago-de-compostela","status":"publish","type":"page","link":"https:\/\/www.puget-lesadrets-tourisme.com\/en\/authentic-provence\/the-territory\/puget-sur-argens\/the-pilgrims-way-to-santiago-de-compostela\/","title":{"rendered":"The Pilgrim&#8217;s Way to Santiago de Compostela"},"content":{"rendered":"\n<div class=\"wp-block-ws-library-ws-header-interne is-layout-constrained alignfull\"><div class=\"alignwide\"><div class=\"yoast-breadcrumbs\"><span><span><a href=\"https:\/\/www.pugetsurargens-tourisme.com\/en\/2-communes-1-territory\/\">Home<\/a><\/span> \u2022 <span><a href=\"https:\/\/www.puget-lesadrets-tourisme.com\/en\/authentic-provence\/\">Puget sur ArgensAn AUTHENTIC Provence<\/a><\/span> \u2022 <span><a href=\"https:\/\/www.puget-lesadrets-tourisme.com\/en\/authentic-provence\/the-territory\/\">The territory<\/a><\/span> \u2022 <span><a href=\"https:\/\/www.puget-lesadrets-tourisme.com\/en\/authentic-provence\/the-territory\/puget-sur-argens\/\">Puget sur Argens<\/a><\/span> \u2022 <span class=\"breadcrumb_last\" aria-current=\"page\">The Pilgrim&rsquo;s Way to Santiago de Compostela<\/span><\/span><\/div><div class=\"columns\"><div class=\"group-media has-image\"><img decoding=\"async\" src=\"https:\/\/www.puget-lesadrets-tourisme.com\/wp-content\/uploads\/2025\/03\/25693977235_c551d2ce07_k-1680x635.jpg\" alt=\"\" class=\"image_large_square wp-image-1552 \"\/><\/div><div class=\"group-content\"><div class=\"title\"><h1>The Pilgrim&#8217;s Way to Santiago de Compostela<\/h1><\/div><div class=\"introduction\"><p>Le&nbsp;<strong>GR653A<\/strong>&nbsp;(Menton-Arles) qui passe dans le village est une des voies du sud pour acc\u00e9der au&nbsp;&nbsp;<strong>chemin d\u2019Arles<\/strong>.<br>L\u2019association des Amis de St Jacques de Compostelle de PACA-Corse a \u0153uvr\u00e9 pour le balisage de ce chemin qui a toujours \u00e9t\u00e9 emprunt\u00e9 pour se rendre \u00e0&nbsp; Rome ou en&nbsp; Espagne et c\u2019est aujourd\u2019hui une r\u00e9ussite.<br><strong>Puget sur Argens<\/strong>&nbsp;est une<strong>&nbsp;\u00e9tape majeure.<\/strong>&nbsp;Le&nbsp;<strong>The Pilgrim&#8217;s Way to Santiago de Compostela<\/strong>&nbsp;passe au&nbsp;<strong>c\u0153ur du village<\/strong>&nbsp;et le g\u00eete communal l\u2019Oustaou se situe \u00e0 seulement une centaine de m\u00e8tres de ce dernier, en contrebas de l<strong>\u2019Eglise St Jacques le Majeur.&nbsp;<\/strong><br>La revalorisation de ce chemin est une d\u00e9marche pionni\u00e8re dans la r\u00e9gion.<\/p><\/div><\/div><\/div><\/div><\/div>\n\n<div class=\"wp-block-ws-library-ws-columns has-2-columns are-vertically-aligned-center layout-5050\">\n<div class=\"wp-block-ws-library-ws-column\"><div class=\"wrapper\">\n<div class=\"wp-block-ws-library-ws-image\"><div class=\"wrapper\"><div class=\"group-media\"><a href=\"https:\/\/www.puget-lesadrets-tourisme.com\/wp-content\/uploads\/2025\/03\/carte-compo.png\" data-glightbox=\"true\" class=\"lightbox-trigger\"><img decoding=\"async\" src=\"https:\/\/www.puget-lesadrets-tourisme.com\/wp-content\/uploads\/2025\/03\/carte-compo.png\" alt=\"\" class=\"single_image ws-image-1554\"><\/a><div class=\"credits\"><\/div><\/div><p class=\"caption\"><\/p><\/div><\/div>\n<\/div><\/div>\n\n\n\n<div class=\"wp-block-ws-library-ws-column\"><div class=\"wrapper\">\n<p>Pilgrims coming from Fr\u00e9jus pass through the La Vern\u00e8de vineyard and follow the Jas Neuf path, lined with vines and umbrella pines. Then, the heart of the village offers a warm welcome, indicating the way with gilded metal shells. The Church of St James and the village guesthouse make the village an ideal place to put down your backpack and recharge your batteries\u2026<\/p>\n\n\n\n<p>Then head towards the municipal stadium to join the Chemin de Callas, leading to the Route de la Bouverie. This very pleasant path passes close to the magnificent Ch\u00e2teau de Vaucouleurs, through wooded areas where the shade of the trees stretches out to welcome walkers\u2026<\/p>\n\n\n\n<p>An original idea for an enjoyable walk along a path accessible to all.<\/p>\n<\/div><\/div>\n<\/div>\n\n<p><\/p>\n","protected":false},"excerpt":{"rendered":"","protected":false},"author":1,"featured_media":0,"parent":2480,"menu_order":0,"comment_status":"closed","ping_status":"closed","template":"","meta":{"footnotes":""},"category":[],"zone":[936],"class_list":["post-2467","page","type-page","status-publish","hentry","zone-puget"],"yoast_head":"<!-- This site is optimized with the Yoast SEO plugin v27.0 - https:\/\/yoast.com\/product\/yoast-seo-wordpress\/ -->\n<title>The Pilgrim&#039;s Way to Santiago de Compostela - Puget sur Argens<\/title>\n<meta name=\"description\" content=\"Follow the Pilgrim\u2019s Way to Santiago de Compostele to Puget-sur-Argens: heritage, nature and hospitality in the heart of the C\u00f4te d&#039;Azur.\" \/>\n<meta name=\"robots\" content=\"index, follow, max-snippet:-1, max-image-preview:large, max-video-preview:-1\" \/>\n<link rel=\"canonical\" href=\"https:\/\/www.puget-lesadrets-tourisme.com\/en\/authentic-provence\/the-territory\/puget-sur-argens\/the-pilgrims-way-to-santiago-de-compostela\/\" \/>\n<meta property=\"og:locale\" content=\"en_US\" \/>\n<meta property=\"og:type\" content=\"article\" \/>\n<meta property=\"og:title\" content=\"The Pilgrim&#039;s Way to Santiago de Compostela - Puget sur Argens\" \/>\n<meta property=\"og:description\" content=\"Follow the Pilgrim\u2019s Way to Santiago de Compostele to Puget-sur-Argens: heritage, nature and hospitality in the heart of the C\u00f4te d&#039;Azur.\" \/>\n<meta property=\"og:url\" content=\"https:\/\/www.puget-lesadrets-tourisme.com\/en\/authentic-provence\/the-territory\/puget-sur-argens\/the-pilgrims-way-to-santiago-de-compostela\/\" \/>\n<meta property=\"og:site_name\" content=\"Puget sur argens et Les Adrets de l&#039;Est\u00e9rel\" \/>\n<meta property=\"article:modified_time\" content=\"2025-08-16T13:59:57+00:00\" \/>\n<meta name=\"twitter:card\" content=\"summary_large_image\" \/>\n<meta name=\"twitter:label1\" content=\"Est. reading time\" \/>\n\t<meta name=\"twitter:data1\" content=\"1 minute\" \/>\n<script type=\"application\/ld+json\" class=\"yoast-schema-graph\">{\"@context\":\"https:\/\/schema.org\",\"@graph\":[{\"@type\":\"WebPage\",\"@id\":\"https:\/\/www.puget-lesadrets-tourisme.com\/en\/authentic-provence\/the-territory\/puget-sur-argens\/the-pilgrims-way-to-santiago-de-compostela\/\",\"url\":\"https:\/\/www.puget-lesadrets-tourisme.com\/en\/authentic-provence\/the-territory\/puget-sur-argens\/the-pilgrims-way-to-santiago-de-compostela\/\",\"name\":\"The Pilgrim's Way to Santiago de Compostela - Puget sur Argens\",\"isPartOf\":{\"@id\":\"https:\/\/www.puget-lesadrets-tourisme.com\/en\/#website\"},\"primaryImageOfPage\":{\"@id\":\"https:\/\/www.puget-lesadrets-tourisme.com\/en\/authentic-provence\/the-territory\/puget-sur-argens\/the-pilgrims-way-to-santiago-de-compostela\/#primaryimage\"},\"image\":{\"@id\":\"https:\/\/www.puget-lesadrets-tourisme.com\/en\/authentic-provence\/the-territory\/puget-sur-argens\/the-pilgrims-way-to-santiago-de-compostela\/#primaryimage\"},\"thumbnailUrl\":\"https:\/\/www.puget-lesadrets-tourisme.com\/wp-content\/uploads\/2025\/03\/25693977235_c551d2ce07_k-1680x635.jpg\",\"datePublished\":\"2025-03-19T11:30:13+00:00\",\"dateModified\":\"2025-08-16T13:59:57+00:00\",\"description\":\"Follow the Pilgrim\u2019s Way to Santiago de Compostele to Puget-sur-Argens: heritage, nature and hospitality in the heart of the C\u00f4te d'Azur.\",\"breadcrumb\":{\"@id\":\"https:\/\/www.puget-lesadrets-tourisme.com\/en\/authentic-provence\/the-territory\/puget-sur-argens\/the-pilgrims-way-to-santiago-de-compostela\/#breadcrumb\"},\"inLanguage\":\"en-US\",\"potentialAction\":[{\"@type\":\"ReadAction\",\"target\":[\"https:\/\/www.puget-lesadrets-tourisme.com\/en\/authentic-provence\/the-territory\/puget-sur-argens\/the-pilgrims-way-to-santiago-de-compostela\/\"]}]},{\"@type\":\"ImageObject\",\"inLanguage\":\"en-US\",\"@id\":\"https:\/\/www.puget-lesadrets-tourisme.com\/en\/authentic-provence\/the-territory\/puget-sur-argens\/the-pilgrims-way-to-santiago-de-compostela\/#primaryimage\",\"url\":\"https:\/\/www.puget-lesadrets-tourisme.com\/wp-content\/uploads\/2025\/03\/25693977235_c551d2ce07_k-1680x635.jpg\",\"contentUrl\":\"https:\/\/www.puget-lesadrets-tourisme.com\/wp-content\/uploads\/2025\/03\/25693977235_c551d2ce07_k-1680x635.jpg\"},{\"@type\":\"BreadcrumbList\",\"@id\":\"https:\/\/www.puget-lesadrets-tourisme.com\/en\/authentic-provence\/the-territory\/puget-sur-argens\/the-pilgrims-way-to-santiago-de-compostela\/#breadcrumb\",\"itemListElement\":[{\"@type\":\"ListItem\",\"position\":1,\"name\":\"Home\",\"item\":\"https:\/\/www.pugetsurargens-tourisme.com\/en\/2-communes-1-territory\/\"},{\"@type\":\"ListItem\",\"position\":2,\"name\":\"Puget sur ArgensAn AUTHENTIC Provence\",\"item\":\"https:\/\/www.puget-lesadrets-tourisme.com\/en\/authentic-provence\/\"},{\"@type\":\"ListItem\",\"position\":3,\"name\":\"The territory\",\"item\":\"https:\/\/www.puget-lesadrets-tourisme.com\/en\/authentic-provence\/the-territory\/\"},{\"@type\":\"ListItem\",\"position\":4,\"name\":\"Puget sur Argens\",\"item\":\"https:\/\/www.puget-lesadrets-tourisme.com\/en\/authentic-provence\/the-territory\/puget-sur-argens\/\"},{\"@type\":\"ListItem\",\"position\":5,\"name\":\"The Pilgrim&rsquo;s Way to Santiago de Compostela\"}]},{\"@type\":\"WebSite\",\"@id\":\"https:\/\/www.puget-lesadrets-tourisme.com\/en\/#website\",\"url\":\"https:\/\/www.puget-lesadrets-tourisme.com\/en\/\",\"name\":\"Puget , Adrets\",\"description\":\"2 communes, 1 Territoire\",\"publisher\":{\"@id\":\"https:\/\/www.puget-lesadrets-tourisme.com\/en\/#organization\"},\"potentialAction\":[{\"@type\":\"SearchAction\",\"target\":{\"@type\":\"EntryPoint\",\"urlTemplate\":\"https:\/\/www.puget-lesadrets-tourisme.com\/en\/?s={search_term_string}\"},\"query-input\":{\"@type\":\"PropertyValueSpecification\",\"valueRequired\":true,\"valueName\":\"search_term_string\"}}],\"inLanguage\":\"en-US\"},{\"@type\":\"Organization\",\"@id\":\"https:\/\/www.puget-lesadrets-tourisme.com\/en\/#organization\",\"name\":\"Puget , Adrets\",\"url\":\"https:\/\/www.puget-lesadrets-tourisme.com\/en\/\",\"logo\":{\"@type\":\"ImageObject\",\"inLanguage\":\"en-US\",\"@id\":\"https:\/\/www.puget-lesadrets-tourisme.com\/en\/#\/schema\/logo\/image\/\",\"url\":\"https:\/\/www.puget-lesadrets-tourisme.com\/wp-content\/uploads\/2025\/02\/LOGO-OT-PUGET-LES-ADRETS-RVB-2.png\",\"contentUrl\":\"https:\/\/www.puget-lesadrets-tourisme.com\/wp-content\/uploads\/2025\/02\/LOGO-OT-PUGET-LES-ADRETS-RVB-2.png\",\"width\":512,\"height\":512,\"caption\":\"Puget , Adrets\"},\"image\":{\"@id\":\"https:\/\/www.puget-lesadrets-tourisme.com\/en\/#\/schema\/logo\/image\/\"}}]}<\/script>\n<!-- \/ Yoast SEO plugin. -->","yoast_head_json":{"title":"The Pilgrim's Way to Santiago de Compostela - Puget sur Argens","description":"Follow the Pilgrim\u2019s Way to Santiago de Compostele to Puget-sur-Argens: heritage, nature and hospitality in the heart of the C\u00f4te d'Azur.","robots":{"index":"index","follow":"follow","max-snippet":"max-snippet:-1","max-image-preview":"max-image-preview:large","max-video-preview":"max-video-preview:-1"},"canonical":"https:\/\/www.puget-lesadrets-tourisme.com\/en\/authentic-provence\/the-territory\/puget-sur-argens\/the-pilgrims-way-to-santiago-de-compostela\/","og_locale":"en_US","og_type":"article","og_title":"The Pilgrim's Way to Santiago de Compostela - Puget sur Argens","og_description":"Follow the Pilgrim\u2019s Way to Santiago de Compostele to Puget-sur-Argens: heritage, nature and hospitality in the heart of the C\u00f4te d'Azur.","og_url":"https:\/\/www.puget-lesadrets-tourisme.com\/en\/authentic-provence\/the-territory\/puget-sur-argens\/the-pilgrims-way-to-santiago-de-compostela\/","og_site_name":"Puget sur argens et Les Adrets de l&#039;Est\u00e9rel","article_modified_time":"2025-08-16T13:59:57+00:00","twitter_card":"summary_large_image","twitter_misc":{"Est. reading time":"1 minute"},"schema":{"@context":"https:\/\/schema.org","@graph":[{"@type":"WebPage","@id":"https:\/\/www.puget-lesadrets-tourisme.com\/en\/authentic-provence\/the-territory\/puget-sur-argens\/the-pilgrims-way-to-santiago-de-compostela\/","url":"https:\/\/www.puget-lesadrets-tourisme.com\/en\/authentic-provence\/the-territory\/puget-sur-argens\/the-pilgrims-way-to-santiago-de-compostela\/","name":"The Pilgrim's Way to Santiago de Compostela - Puget sur Argens","isPartOf":{"@id":"https:\/\/www.puget-lesadrets-tourisme.com\/en\/#website"},"primaryImageOfPage":{"@id":"https:\/\/www.puget-lesadrets-tourisme.com\/en\/authentic-provence\/the-territory\/puget-sur-argens\/the-pilgrims-way-to-santiago-de-compostela\/#primaryimage"},"image":{"@id":"https:\/\/www.puget-lesadrets-tourisme.com\/en\/authentic-provence\/the-territory\/puget-sur-argens\/the-pilgrims-way-to-santiago-de-compostela\/#primaryimage"},"thumbnailUrl":"https:\/\/www.puget-lesadrets-tourisme.com\/wp-content\/uploads\/2025\/03\/25693977235_c551d2ce07_k-1680x635.jpg","datePublished":"2025-03-19T11:30:13+00:00","dateModified":"2025-08-16T13:59:57+00:00","description":"Follow the Pilgrim\u2019s Way to Santiago de Compostele to Puget-sur-Argens: heritage, nature and hospitality in the heart of the C\u00f4te d'Azur.","breadcrumb":{"@id":"https:\/\/www.puget-lesadrets-tourisme.com\/en\/authentic-provence\/the-territory\/puget-sur-argens\/the-pilgrims-way-to-santiago-de-compostela\/#breadcrumb"},"inLanguage":"en-US","potentialAction":[{"@type":"ReadAction","target":["https:\/\/www.puget-lesadrets-tourisme.com\/en\/authentic-provence\/the-territory\/puget-sur-argens\/the-pilgrims-way-to-santiago-de-compostela\/"]}]},{"@type":"ImageObject","inLanguage":"en-US","@id":"https:\/\/www.puget-lesadrets-tourisme.com\/en\/authentic-provence\/the-territory\/puget-sur-argens\/the-pilgrims-way-to-santiago-de-compostela\/#primaryimage","url":"https:\/\/www.puget-lesadrets-tourisme.com\/wp-content\/uploads\/2025\/03\/25693977235_c551d2ce07_k-1680x635.jpg","contentUrl":"https:\/\/www.puget-lesadrets-tourisme.com\/wp-content\/uploads\/2025\/03\/25693977235_c551d2ce07_k-1680x635.jpg"},{"@type":"BreadcrumbList","@id":"https:\/\/www.puget-lesadrets-tourisme.com\/en\/authentic-provence\/the-territory\/puget-sur-argens\/the-pilgrims-way-to-santiago-de-compostela\/#breadcrumb","itemListElement":[{"@type":"ListItem","position":1,"name":"Home","item":"https:\/\/www.pugetsurargens-tourisme.com\/en\/2-communes-1-territory\/"},{"@type":"ListItem","position":2,"name":"Puget sur ArgensAn AUTHENTIC Provence","item":"https:\/\/www.puget-lesadrets-tourisme.com\/en\/authentic-provence\/"},{"@type":"ListItem","position":3,"name":"The territory","item":"https:\/\/www.puget-lesadrets-tourisme.com\/en\/authentic-provence\/the-territory\/"},{"@type":"ListItem","position":4,"name":"Puget sur Argens","item":"https:\/\/www.puget-lesadrets-tourisme.com\/en\/authentic-provence\/the-territory\/puget-sur-argens\/"},{"@type":"ListItem","position":5,"name":"The Pilgrim&rsquo;s Way to Santiago de Compostela"}]},{"@type":"WebSite","@id":"https:\/\/www.puget-lesadrets-tourisme.com\/en\/#website","url":"https:\/\/www.puget-lesadrets-tourisme.com\/en\/","name":"Puget , Adrets","description":"2 communes, 1 Territoire","publisher":{"@id":"https:\/\/www.puget-lesadrets-tourisme.com\/en\/#organization"},"potentialAction":[{"@type":"SearchAction","target":{"@type":"EntryPoint","urlTemplate":"https:\/\/www.puget-lesadrets-tourisme.com\/en\/?s={search_term_string}"},"query-input":{"@type":"PropertyValueSpecification","valueRequired":true,"valueName":"search_term_string"}}],"inLanguage":"en-US"},{"@type":"Organization","@id":"https:\/\/www.puget-lesadrets-tourisme.com\/en\/#organization","name":"Puget , Adrets","url":"https:\/\/www.puget-lesadrets-tourisme.com\/en\/","logo":{"@type":"ImageObject","inLanguage":"en-US","@id":"https:\/\/www.puget-lesadrets-tourisme.com\/en\/#\/schema\/logo\/image\/","url":"https:\/\/www.puget-lesadrets-tourisme.com\/wp-content\/uploads\/2025\/02\/LOGO-OT-PUGET-LES-ADRETS-RVB-2.png","contentUrl":"https:\/\/www.puget-lesadrets-tourisme.com\/wp-content\/uploads\/2025\/02\/LOGO-OT-PUGET-LES-ADRETS-RVB-2.png","width":512,"height":512,"caption":"Puget , Adrets"},"image":{"@id":"https:\/\/www.puget-lesadrets-tourisme.com\/en\/#\/schema\/logo\/image\/"}}]}},"_links":{"self":[{"href":"https:\/\/www.puget-lesadrets-tourisme.com\/en\/wp-json\/wp\/v2\/pages\/2467","targetHints":{"allow":["GET"]}}],"collection":[{"href":"https:\/\/www.puget-lesadrets-tourisme.com\/en\/wp-json\/wp\/v2\/pages"}],"about":[{"href":"https:\/\/www.puget-lesadrets-tourisme.com\/en\/wp-json\/wp\/v2\/types\/page"}],"author":[{"embeddable":true,"href":"https:\/\/www.puget-lesadrets-tourisme.com\/en\/wp-json\/wp\/v2\/users\/1"}],"replies":[{"embeddable":true,"href":"https:\/\/www.puget-lesadrets-tourisme.com\/en\/wp-json\/wp\/v2\/comments?post=2467"}],"version-history":[{"count":6,"href":"https:\/\/www.puget-lesadrets-tourisme.com\/en\/wp-json\/wp\/v2\/pages\/2467\/revisions"}],"predecessor-version":[{"id":16764,"href":"https:\/\/www.puget-lesadrets-tourisme.com\/en\/wp-json\/wp\/v2\/pages\/2467\/revisions\/16764"}],"up":[{"embeddable":true,"href":"https:\/\/www.puget-lesadrets-tourisme.com\/en\/wp-json\/wp\/v2\/pages\/2480"}],"wp:attachment":[{"href":"https:\/\/www.puget-lesadrets-tourisme.com\/en\/wp-json\/wp\/v2\/media?parent=2467"}],"wp:term":[{"taxonomy":"category","embeddable":true,"href":"https:\/\/www.puget-lesadrets-tourisme.com\/en\/wp-json\/wp\/v2\/category?post=2467"},{"taxonomy":"zone","embeddable":true,"href":"https:\/\/www.puget-lesadrets-tourisme.com\/en\/wp-json\/wp\/v2\/zone?post=2467"}],"curies":[{"name":"wp","href":"https:\/\/api.w.org\/{rel}","templated":true}]}}