{"id":2464,"date":"2025-03-19T11:30:36","date_gmt":"2025-03-19T10:30:36","guid":{"rendered":"https:\/\/www.puget-lesadrets-tourisme.com\/restaurants-bars\/"},"modified":"2025-06-05T10:33:15","modified_gmt":"2025-06-05T08:33:15","slug":"restaurants-bars","status":"publish","type":"page","link":"https:\/\/www.puget-lesadrets-tourisme.com\/en\/for-nature-lovers\/stay\/restaurants-bars\/","title":{"rendered":"Restaurants &amp; bars"},"content":{"rendered":"\n<div class=\"wp-block-ws-library-ws-header-interne is-layout-constrained alignfull\"><div class=\"alignwide\"><div class=\"yoast-breadcrumbs\"><span><span><a href=\"https:\/\/www.pugetsurargens-tourisme.com\/en\/2-communes-1-territory\/\">Home<\/a><\/span> \u2022 <span><a href=\"https:\/\/www.puget-lesadrets-tourisme.com\/en\/for-nature-lovers\/\">LES ADRETS-DE-L&rsquo;ESTERELA balcony overlooking the Esterel and the sea<\/a><\/span> \u2022 <span><a href=\"https:\/\/www.puget-lesadrets-tourisme.com\/en\/for-nature-lovers\/stay\/\">Stay<\/a><\/span> \u2022 <span class=\"breadcrumb_last\" aria-current=\"page\">Restaurants &amp; bars<\/span><\/span><\/div><div class=\"columns\"><div class=\"group-media has-image\"><img loading=\"lazy\" decoding=\"async\" width=\"1200\" height=\"635\" src=\"https:\/\/www.puget-lesadrets-tourisme.com\/wp-content\/uploads\/2025\/05\/table-restaurant-1200x635.jpeg\" alt=\"\" class=\"image_large_square wp-image-3917 \"\/><\/div><div class=\"group-content\"><div class=\"title\"><h1>Restaurants &amp; bars<\/h1><\/div><div class=\"introduction\"><p><\/p><\/div><\/div><\/div><\/div><\/div>\n<div id=\"listing_ca076\" data-observer-wishlist class=\"ws-listing wp-block-ws-apidae-library-listing-avance\" data-map-id=\"map_ca076\" data-locations-id=\"locations-data_ca076\"><div class=\"facetwp-template\"><div class=\"list-container active\"><div class=\"list-items\"><div class=\"item\"><div class=\"card card-apidae card-avance\"><div class=\"group-media\"><div class=\"field-image\"><img decoding=\"async\" src=\"https:\/\/images.weserv.nl\/?url=https:\/\/static.apidae-tourisme.com\/filestore\/objets-touristiques\/images\/156\/33\/8331676-diaporama.jpg&#038;w=330&#038;h=240&#038;fit=cover&#038;output=webp&#038;q=45\" alt=\"Fado Esterello\"\/><\/div><\/div><div class=\"group-content\"><div class=\"field-commune\">Les Adrets-de-l&#039;Est\u00e9rel<\/div><div class=\"field-title\">Fado Esterello<\/div><div class=\"field-description\">The Fado Esterello restaurant offers warm, family-style cuisine at affordable&#8230;<\/div><\/div><div class=\"field-link\"><a href=\"https:\/\/www.puget-lesadrets-tourisme.com\/en\/fiche\/fado-esterello-2\/\" class=\"cardlink\">Fado Esterello<\/a><\/div><\/div><\/div><div class=\"item\"><div class=\"card card-apidae card-avance\"><div class=\"group-media\"><div class=\"field-image\"><img decoding=\"async\" src=\"https:\/\/images.weserv.nl\/?url=https:\/\/static.apidae-tourisme.com\/filestore\/objets-touristiques\/images\/173\/204\/8375469-diaporama.jpg&#038;w=330&#038;h=240&#038;fit=cover&#038;output=webp&#038;q=45\" alt=\"Bar restaurant &#8220;Chez Tonio&#8221;\"\/><\/div><\/div><div class=\"group-content\"><div class=\"field-commune\">Les Adrets-de-l&#039;Est\u00e9rel<\/div><div class=\"field-title\">Bar restaurant &#8220;Chez Tonio&#8221;<\/div><div class=\"field-description\">&#8220;Chez Tonio&#8221;, the restaurant opposite the church, serves family-style cuisine&#8230;<\/div><\/div><div class=\"field-link\"><a href=\"https:\/\/www.puget-lesadrets-tourisme.com\/en\/fiche\/bar-restaurant-chez-tonio-2\/\" class=\"cardlink\">Bar restaurant &#8220;Chez Tonio&#8221;<\/a><\/div><\/div><\/div><div class=\"item\"><div class=\"card card-apidae card-avance\"><div class=\"group-media\"><div class=\"field-image\"><img decoding=\"async\" src=\"https:\/\/images.weserv.nl\/?url=https:\/\/static.apidae-tourisme.com\/filestore\/objets-touristiques\/images\/108\/199\/3131244-diaporama.jpg&#038;w=330&#038;h=240&#038;fit=cover&#038;output=webp&#038;q=45\" alt=\"Auberge Panoramique &#8211; H\u00f4tel l&#8217;Estirado\"\/><\/div><\/div><div class=\"group-content\"><div class=\"field-commune\">Les Adrets-de-l&#039;Est\u00e9rel<\/div><div class=\"field-title\">Auberge Panoramique &#8211; H\u00f4tel l&#8217;Estirado<\/div><div class=\"field-description\">From Ni\u00e7ois farcis to pan-fried duck with mountain honey, the&#8230;<\/div><\/div><div class=\"field-link\"><a href=\"https:\/\/www.puget-lesadrets-tourisme.com\/en\/fiche\/auberge-panoramique-hotel-lestirado-2\/\" class=\"cardlink\">Auberge Panoramique &#8211; H\u00f4tel l&#8217;Estirado<\/a><\/div><\/div><\/div><div class=\"item\"><div class=\"card card-apidae card-avance\"><div class=\"group-media\"><div class=\"field-image\"><img decoding=\"async\" src=\"https:\/\/images.weserv.nl\/?url=https:\/\/static.apidae-tourisme.com\/filestore\/objets-touristiques\/images\/58\/207\/8376122-diaporama.jpg&#038;w=330&#038;h=240&#038;fit=cover&#038;output=webp&#038;q=45\" alt=\"Au Relais du Sommelier\"\/><\/div><\/div><div class=\"group-content\"><div class=\"field-commune\">Les Adrets-de-l&#039;Est\u00e9rel<\/div><div class=\"field-title\">Au Relais du Sommelier<\/div><div class=\"field-description\">Le Relais des Adrets invites you to choose from a&#8230;<\/div><\/div><div class=\"field-link\"><a href=\"https:\/\/www.puget-lesadrets-tourisme.com\/en\/fiche\/au-relais-du-sommelier-2\/\" class=\"cardlink\">Au Relais du Sommelier<\/a><\/div><\/div><\/div><div class=\"item\"><div class=\"card card-apidae card-avance\"><div class=\"group-media\"><div class=\"field-image\"><img decoding=\"async\" src=\"https:\/\/images.weserv.nl\/?url=https:\/\/static.apidae-tourisme.com\/filestore\/objets-touristiques\/images\/93\/186\/2407005-diaporama.jpg&#038;w=330&#038;h=240&#038;fit=cover&#038;output=webp&#038;q=45\" alt=\"A Casa Serena\"\/><\/div><\/div><div class=\"group-content\"><div class=\"field-commune\">Les Adrets-de-l&#039;Est\u00e9rel<\/div><div class=\"field-title\">A Casa Serena<\/div><\/div><div class=\"field-link\"><a href=\"https:\/\/www.puget-lesadrets-tourisme.com\/en\/fiche\/a-casa-serena-2\/\" class=\"cardlink\">A Casa Serena<\/a><\/div><\/div><\/div><div class=\"item\"><div class=\"card card-apidae card-avance\"><div class=\"group-media\"><div class=\"field-image\"><img decoding=\"async\" src=\"https:\/\/images.weserv.nl\/?url=https:\/\/static.apidae-tourisme.com\/filestore\/objets-touristiques\/images\/237\/213\/8377837-diaporama.jpg&#038;w=330&#038;h=240&#038;fit=cover&#038;output=webp&#038;q=45\" alt=\"L&#8217;Estirado des Adrets\"\/><\/div><\/div><div class=\"group-content\"><div class=\"field-commune\">Les Adrets-de-l&#039;Est\u00e9rel<\/div><div class=\"field-title\">L&#8217;Estirado des Adrets<\/div><div class=\"field-description\">Our hotel-restaurant invites you to sample its semi-gastronomic cuisine, made&#8230;<\/div><\/div><div class=\"field-link\"><a href=\"https:\/\/www.puget-lesadrets-tourisme.com\/en\/fiche\/lestirado-des-adrets-2\/\" class=\"cardlink\">L&#8217;Estirado des Adrets<\/a><\/div><\/div><\/div><div class=\"item\"><div class=\"card card-apidae card-avance\"><div class=\"group-media\"><div class=\"field-image\"><img decoding=\"async\" src=\"https:\/\/images.weserv.nl\/?url=https:\/\/static.apidae-tourisme.com\/filestore\/objets-touristiques\/images\/19\/205\/8375571-diaporama.jpg&#038;w=330&#038;h=240&#038;fit=cover&#038;output=webp&#038;q=45\" alt=\"Chez Vaness\"\/><\/div><\/div><div class=\"group-content\"><div class=\"field-commune\">Les Adrets-de-l&#039;Est\u00e9rel<\/div><div class=\"field-title\">Chez Vaness<\/div><div class=\"field-description\">The restaurant &#8220;Chez Vaness&#8221; is located in the heart of&#8230;<\/div><\/div><div class=\"field-link\"><a href=\"https:\/\/www.puget-lesadrets-tourisme.com\/en\/fiche\/chez-vaness-2\/\" class=\"cardlink\">Chez Vaness<\/a><\/div><\/div><\/div><div id=\"locations-data_ca076\" style=\"display: none;\">{&quot;locations&quot;:[{&quot;lat&quot;:&quot;43.528948&quot;,&quot;lng&quot;:&quot;6.82004&quot;,&quot;title&quot;:&quot;Fado Esterello&quot;,&quot;permalink&quot;:&quot;https:\\\/\\\/www.puget-lesadrets-tourisme.com\\\/en\\\/fiche\\\/fado-esterello-2\\\/&quot;,&quot;type&quot;:&quot;restauration&quot;,&quot;commune&quot;:&quot;Les Adrets-de-l&#039;Est\\u00e9rel&quot;,&quot;type_commerce&quot;:&quot;&quot;,&quot;image&quot;:&quot;https:\\\/\\\/static.apidae-tourisme.com\\\/filestore\\\/objets-touristiques\\\/images\\\/156\\\/33\\\/8331676-diaporama.jpg&quot;,&quot;image_width&quot;:&quot;330&quot;,&quot;image_height&quot;:&quot;240&quot;,&quot;image_fit&quot;:&quot;cover&quot;},{&quot;lat&quot;:&quot;43.526273&quot;,&quot;lng&quot;:&quot;6.837582&quot;,&quot;title&quot;:&quot;Bar restaurant &#8220;Chez Tonio&#8221;&quot;,&quot;permalink&quot;:&quot;https:\\\/\\\/www.puget-lesadrets-tourisme.com\\\/en\\\/fiche\\\/bar-restaurant-chez-tonio-2\\\/&quot;,&quot;type&quot;:&quot;restauration&quot;,&quot;commune&quot;:&quot;Les Adrets-de-l&#039;Est\\u00e9rel&quot;,&quot;type_commerce&quot;:&quot;&quot;,&quot;image&quot;:&quot;https:\\\/\\\/static.apidae-tourisme.com\\\/filestore\\\/objets-touristiques\\\/images\\\/173\\\/204\\\/8375469-diaporama.jpg&quot;,&quot;image_width&quot;:&quot;330&quot;,&quot;image_height&quot;:&quot;240&quot;,&quot;image_fit&quot;:&quot;cover&quot;},{&quot;lat&quot;:&quot;43.51719&quot;,&quot;lng&quot;:&quot;6.810652&quot;,&quot;title&quot;:&quot;Auberge Panoramique &#8211; H\\u00f4tel l&#8217;Estirado&quot;,&quot;permalink&quot;:&quot;https:\\\/\\\/www.puget-lesadrets-tourisme.com\\\/en\\\/fiche\\\/auberge-panoramique-hotel-lestirado-2\\\/&quot;,&quot;type&quot;:&quot;restauration&quot;,&quot;commune&quot;:&quot;Les Adrets-de-l&#039;Est\\u00e9rel&quot;,&quot;type_commerce&quot;:&quot;&quot;,&quot;image&quot;:&quot;https:\\\/\\\/static.apidae-tourisme.com\\\/filestore\\\/objets-touristiques\\\/images\\\/108\\\/199\\\/3131244-diaporama.jpg&quot;,&quot;image_width&quot;:&quot;330&quot;,&quot;image_height&quot;:&quot;240&quot;,&quot;image_fit&quot;:&quot;cover&quot;},{&quot;lat&quot;:&quot;43.525804&quot;,&quot;lng&quot;:&quot;6.814097&quot;,&quot;title&quot;:&quot;Au Relais du Sommelier&quot;,&quot;permalink&quot;:&quot;https:\\\/\\\/www.puget-lesadrets-tourisme.com\\\/en\\\/fiche\\\/au-relais-du-sommelier-2\\\/&quot;,&quot;type&quot;:&quot;restauration&quot;,&quot;commune&quot;:&quot;Les Adrets-de-l&#039;Est\\u00e9rel&quot;,&quot;type_commerce&quot;:&quot;&quot;,&quot;image&quot;:&quot;https:\\\/\\\/static.apidae-tourisme.com\\\/filestore\\\/objets-touristiques\\\/images\\\/58\\\/207\\\/8376122-diaporama.jpg&quot;,&quot;image_width&quot;:&quot;330&quot;,&quot;image_height&quot;:&quot;240&quot;,&quot;image_fit&quot;:&quot;cover&quot;},{&quot;lat&quot;:&quot;43.526102&quot;,&quot;lng&quot;:&quot;6.814161&quot;,&quot;title&quot;:&quot;A Casa Serena&quot;,&quot;permalink&quot;:&quot;https:\\\/\\\/www.puget-lesadrets-tourisme.com\\\/en\\\/fiche\\\/a-casa-serena-2\\\/&quot;,&quot;type&quot;:&quot;restauration&quot;,&quot;commune&quot;:&quot;Les Adrets-de-l&#039;Est\\u00e9rel&quot;,&quot;type_commerce&quot;:&quot;&quot;,&quot;image&quot;:&quot;https:\\\/\\\/static.apidae-tourisme.com\\\/filestore\\\/objets-touristiques\\\/images\\\/93\\\/186\\\/2407005-diaporama.jpg&quot;,&quot;image_width&quot;:&quot;330&quot;,&quot;image_height&quot;:&quot;240&quot;,&quot;image_fit&quot;:&quot;cover&quot;},{&quot;lat&quot;:&quot;43.515369&quot;,&quot;lng&quot;:&quot;6.810759&quot;,&quot;title&quot;:&quot;L&#8217;Estirado des Adrets&quot;,&quot;permalink&quot;:&quot;https:\\\/\\\/www.puget-lesadrets-tourisme.com\\\/en\\\/fiche\\\/lestirado-des-adrets-2\\\/&quot;,&quot;type&quot;:&quot;restauration&quot;,&quot;commune&quot;:&quot;Les Adrets-de-l&#039;Est\\u00e9rel&quot;,&quot;type_commerce&quot;:&quot;&quot;,&quot;image&quot;:&quot;https:\\\/\\\/static.apidae-tourisme.com\\\/filestore\\\/objets-touristiques\\\/images\\\/237\\\/213\\\/8377837-diaporama.jpg&quot;,&quot;image_width&quot;:&quot;330&quot;,&quot;image_height&quot;:&quot;240&quot;,&quot;image_fit&quot;:&quot;cover&quot;},{&quot;lat&quot;:&quot;43.528659&quot;,&quot;lng&quot;:&quot;6.839928&quot;,&quot;title&quot;:&quot;Chez Vaness&quot;,&quot;permalink&quot;:&quot;https:\\\/\\\/www.puget-lesadrets-tourisme.com\\\/en\\\/fiche\\\/chez-vaness-2\\\/&quot;,&quot;type&quot;:&quot;restauration&quot;,&quot;commune&quot;:&quot;Les Adrets-de-l&#039;Est\\u00e9rel&quot;,&quot;type_commerce&quot;:&quot;&quot;,&quot;image&quot;:&quot;https:\\\/\\\/static.apidae-tourisme.com\\\/filestore\\\/objets-touristiques\\\/images\\\/19\\\/205\\\/8375571-diaporama.jpg&quot;,&quot;image_width&quot;:&quot;330&quot;,&quot;image_height&quot;:&quot;240&quot;,&quot;image_fit&quot;:&quot;cover&quot;}],&quot;center_lat&quot;:&quot;43.528948&quot;,&quot;center_lng&quot;:&quot;6.82004&quot;}<\/div><\/div><\/div><\/div><\/div>\n<p><\/p>\n","protected":false},"excerpt":{"rendered":"","protected":false},"author":1,"featured_media":0,"parent":2466,"menu_order":0,"comment_status":"closed","ping_status":"closed","template":"","meta":{"footnotes":""},"category":[],"zone":[937],"class_list":["post-2464","page","type-page","status-publish","hentry","zone-adrets"],"yoast_head":"<!-- This site is optimized with the Yoast SEO plugin v27.0 - https:\/\/yoast.com\/product\/yoast-seo-wordpress\/ -->\n<title>Restaurants and bars in Les Adrets de l&#039;Est\u00e9rel<\/title>\n<meta name=\"description\" content=\"Discover the restaurants and bars in Les Adrets de l&#039;Est\u00e9rel: local cuisine, Provencal flavors and a friendly C\u00f4te d&#039;Azur atmosphere.\" \/>\n<meta name=\"robots\" content=\"index, follow, max-snippet:-1, max-image-preview:large, max-video-preview:-1\" \/>\n<link rel=\"canonical\" href=\"https:\/\/www.puget-lesadrets-tourisme.com\/en\/for-nature-lovers\/stay\/restaurants-bars\/\" \/>\n<meta property=\"og:locale\" content=\"en_US\" \/>\n<meta property=\"og:type\" content=\"article\" \/>\n<meta property=\"og:title\" content=\"Restaurants and bars in Les Adrets de l&#039;Est\u00e9rel\" \/>\n<meta property=\"og:description\" content=\"Discover the restaurants and bars in Les Adrets de l&#039;Est\u00e9rel: local cuisine, Provencal flavors and a friendly C\u00f4te d&#039;Azur atmosphere.\" \/>\n<meta property=\"og:url\" content=\"https:\/\/www.puget-lesadrets-tourisme.com\/en\/for-nature-lovers\/stay\/restaurants-bars\/\" \/>\n<meta property=\"og:site_name\" content=\"Puget sur argens et Les Adrets de l&#039;Est\u00e9rel\" \/>\n<meta property=\"article:modified_time\" content=\"2025-06-05T08:33:15+00:00\" \/>\n<meta property=\"og:image\" content=\"https:\/\/www.puget-lesadrets-tourisme.com\/wp-content\/uploads\/2025\/05\/table-restaurant.jpeg\" \/>\n\t<meta property=\"og:image:width\" content=\"1200\" \/>\n\t<meta property=\"og:image:height\" content=\"800\" \/>\n\t<meta property=\"og:image:type\" content=\"image\/jpeg\" \/>\n<meta name=\"twitter:card\" content=\"summary_large_image\" \/>\n<script type=\"application\/ld+json\" class=\"yoast-schema-graph\">{\"@context\":\"https:\/\/schema.org\",\"@graph\":[{\"@type\":\"WebPage\",\"@id\":\"https:\/\/www.puget-lesadrets-tourisme.com\/en\/for-nature-lovers\/stay\/restaurants-bars\/\",\"url\":\"https:\/\/www.puget-lesadrets-tourisme.com\/en\/for-nature-lovers\/stay\/restaurants-bars\/\",\"name\":\"Restaurants and bars in Les Adrets de l'Est\u00e9rel\",\"isPartOf\":{\"@id\":\"https:\/\/www.puget-lesadrets-tourisme.com\/en\/#website\"},\"primaryImageOfPage\":{\"@id\":\"https:\/\/www.puget-lesadrets-tourisme.com\/en\/for-nature-lovers\/stay\/restaurants-bars\/#primaryimage\"},\"image\":{\"@id\":\"https:\/\/www.puget-lesadrets-tourisme.com\/en\/for-nature-lovers\/stay\/restaurants-bars\/#primaryimage\"},\"thumbnailUrl\":\"https:\/\/www.puget-lesadrets-tourisme.com\/wp-content\/uploads\/2025\/05\/table-restaurant-1200x635.jpeg\",\"datePublished\":\"2025-03-19T10:30:36+00:00\",\"dateModified\":\"2025-06-05T08:33:15+00:00\",\"description\":\"Discover the restaurants and bars in Les Adrets de l'Est\u00e9rel: local cuisine, Provencal flavors and a friendly C\u00f4te d'Azur atmosphere.\",\"breadcrumb\":{\"@id\":\"https:\/\/www.puget-lesadrets-tourisme.com\/en\/for-nature-lovers\/stay\/restaurants-bars\/#breadcrumb\"},\"inLanguage\":\"en-US\",\"potentialAction\":[{\"@type\":\"ReadAction\",\"target\":[\"https:\/\/www.puget-lesadrets-tourisme.com\/en\/for-nature-lovers\/stay\/restaurants-bars\/\"]}]},{\"@type\":\"ImageObject\",\"inLanguage\":\"en-US\",\"@id\":\"https:\/\/www.puget-lesadrets-tourisme.com\/en\/for-nature-lovers\/stay\/restaurants-bars\/#primaryimage\",\"url\":\"https:\/\/www.puget-lesadrets-tourisme.com\/wp-content\/uploads\/2025\/05\/table-restaurant-1200x635.jpeg\",\"contentUrl\":\"https:\/\/www.puget-lesadrets-tourisme.com\/wp-content\/uploads\/2025\/05\/table-restaurant-1200x635.jpeg\"},{\"@type\":\"BreadcrumbList\",\"@id\":\"https:\/\/www.puget-lesadrets-tourisme.com\/en\/for-nature-lovers\/stay\/restaurants-bars\/#breadcrumb\",\"itemListElement\":[{\"@type\":\"ListItem\",\"position\":1,\"name\":\"Home\",\"item\":\"https:\/\/www.pugetsurargens-tourisme.com\/en\/2-communes-1-territory\/\"},{\"@type\":\"ListItem\",\"position\":2,\"name\":\"LES ADRETS-DE-L&rsquo;ESTERELA balcony overlooking the Esterel and the sea\",\"item\":\"https:\/\/www.puget-lesadrets-tourisme.com\/en\/for-nature-lovers\/\"},{\"@type\":\"ListItem\",\"position\":3,\"name\":\"Stay\",\"item\":\"https:\/\/www.puget-lesadrets-tourisme.com\/en\/for-nature-lovers\/stay\/\"},{\"@type\":\"ListItem\",\"position\":4,\"name\":\"Restaurants &amp; bars\"}]},{\"@type\":\"WebSite\",\"@id\":\"https:\/\/www.puget-lesadrets-tourisme.com\/en\/#website\",\"url\":\"https:\/\/www.puget-lesadrets-tourisme.com\/en\/\",\"name\":\"Puget , Adrets\",\"description\":\"2 communes, 1 Territoire\",\"publisher\":{\"@id\":\"https:\/\/www.puget-lesadrets-tourisme.com\/en\/#organization\"},\"potentialAction\":[{\"@type\":\"SearchAction\",\"target\":{\"@type\":\"EntryPoint\",\"urlTemplate\":\"https:\/\/www.puget-lesadrets-tourisme.com\/en\/?s={search_term_string}\"},\"query-input\":{\"@type\":\"PropertyValueSpecification\",\"valueRequired\":true,\"valueName\":\"search_term_string\"}}],\"inLanguage\":\"en-US\"},{\"@type\":\"Organization\",\"@id\":\"https:\/\/www.puget-lesadrets-tourisme.com\/en\/#organization\",\"name\":\"Puget , Adrets\",\"url\":\"https:\/\/www.puget-lesadrets-tourisme.com\/en\/\",\"logo\":{\"@type\":\"ImageObject\",\"inLanguage\":\"en-US\",\"@id\":\"https:\/\/www.puget-lesadrets-tourisme.com\/en\/#\/schema\/logo\/image\/\",\"url\":\"https:\/\/www.puget-lesadrets-tourisme.com\/wp-content\/uploads\/2025\/02\/LOGO-OT-PUGET-LES-ADRETS-RVB-2.png\",\"contentUrl\":\"https:\/\/www.puget-lesadrets-tourisme.com\/wp-content\/uploads\/2025\/02\/LOGO-OT-PUGET-LES-ADRETS-RVB-2.png\",\"width\":512,\"height\":512,\"caption\":\"Puget , Adrets\"},\"image\":{\"@id\":\"https:\/\/www.puget-lesadrets-tourisme.com\/en\/#\/schema\/logo\/image\/\"}}]}<\/script>\n<!-- \/ Yoast SEO plugin. -->","yoast_head_json":{"title":"Restaurants and bars in Les Adrets de l'Est\u00e9rel","description":"Discover the restaurants and bars in Les Adrets de l'Est\u00e9rel: local cuisine, Provencal flavors and a friendly C\u00f4te d'Azur atmosphere.","robots":{"index":"index","follow":"follow","max-snippet":"max-snippet:-1","max-image-preview":"max-image-preview:large","max-video-preview":"max-video-preview:-1"},"canonical":"https:\/\/www.puget-lesadrets-tourisme.com\/en\/for-nature-lovers\/stay\/restaurants-bars\/","og_locale":"en_US","og_type":"article","og_title":"Restaurants and bars in Les Adrets de l'Est\u00e9rel","og_description":"Discover the restaurants and bars in Les Adrets de l'Est\u00e9rel: local cuisine, Provencal flavors and a friendly C\u00f4te d'Azur atmosphere.","og_url":"https:\/\/www.puget-lesadrets-tourisme.com\/en\/for-nature-lovers\/stay\/restaurants-bars\/","og_site_name":"Puget sur argens et Les Adrets de l&#039;Est\u00e9rel","article_modified_time":"2025-06-05T08:33:15+00:00","og_image":[{"width":1200,"height":800,"url":"https:\/\/www.puget-lesadrets-tourisme.com\/wp-content\/uploads\/2025\/05\/table-restaurant.jpeg","type":"image\/jpeg"}],"twitter_card":"summary_large_image","schema":{"@context":"https:\/\/schema.org","@graph":[{"@type":"WebPage","@id":"https:\/\/www.puget-lesadrets-tourisme.com\/en\/for-nature-lovers\/stay\/restaurants-bars\/","url":"https:\/\/www.puget-lesadrets-tourisme.com\/en\/for-nature-lovers\/stay\/restaurants-bars\/","name":"Restaurants and bars in Les Adrets de l'Est\u00e9rel","isPartOf":{"@id":"https:\/\/www.puget-lesadrets-tourisme.com\/en\/#website"},"primaryImageOfPage":{"@id":"https:\/\/www.puget-lesadrets-tourisme.com\/en\/for-nature-lovers\/stay\/restaurants-bars\/#primaryimage"},"image":{"@id":"https:\/\/www.puget-lesadrets-tourisme.com\/en\/for-nature-lovers\/stay\/restaurants-bars\/#primaryimage"},"thumbnailUrl":"https:\/\/www.puget-lesadrets-tourisme.com\/wp-content\/uploads\/2025\/05\/table-restaurant-1200x635.jpeg","datePublished":"2025-03-19T10:30:36+00:00","dateModified":"2025-06-05T08:33:15+00:00","description":"Discover the restaurants and bars in Les Adrets de l'Est\u00e9rel: local cuisine, Provencal flavors and a friendly C\u00f4te d'Azur atmosphere.","breadcrumb":{"@id":"https:\/\/www.puget-lesadrets-tourisme.com\/en\/for-nature-lovers\/stay\/restaurants-bars\/#breadcrumb"},"inLanguage":"en-US","potentialAction":[{"@type":"ReadAction","target":["https:\/\/www.puget-lesadrets-tourisme.com\/en\/for-nature-lovers\/stay\/restaurants-bars\/"]}]},{"@type":"ImageObject","inLanguage":"en-US","@id":"https:\/\/www.puget-lesadrets-tourisme.com\/en\/for-nature-lovers\/stay\/restaurants-bars\/#primaryimage","url":"https:\/\/www.puget-lesadrets-tourisme.com\/wp-content\/uploads\/2025\/05\/table-restaurant-1200x635.jpeg","contentUrl":"https:\/\/www.puget-lesadrets-tourisme.com\/wp-content\/uploads\/2025\/05\/table-restaurant-1200x635.jpeg"},{"@type":"BreadcrumbList","@id":"https:\/\/www.puget-lesadrets-tourisme.com\/en\/for-nature-lovers\/stay\/restaurants-bars\/#breadcrumb","itemListElement":[{"@type":"ListItem","position":1,"name":"Home","item":"https:\/\/www.pugetsurargens-tourisme.com\/en\/2-communes-1-territory\/"},{"@type":"ListItem","position":2,"name":"LES ADRETS-DE-L&rsquo;ESTERELA balcony overlooking the Esterel and the sea","item":"https:\/\/www.puget-lesadrets-tourisme.com\/en\/for-nature-lovers\/"},{"@type":"ListItem","position":3,"name":"Stay","item":"https:\/\/www.puget-lesadrets-tourisme.com\/en\/for-nature-lovers\/stay\/"},{"@type":"ListItem","position":4,"name":"Restaurants &amp; bars"}]},{"@type":"WebSite","@id":"https:\/\/www.puget-lesadrets-tourisme.com\/en\/#website","url":"https:\/\/www.puget-lesadrets-tourisme.com\/en\/","name":"Puget , Adrets","description":"2 communes, 1 Territoire","publisher":{"@id":"https:\/\/www.puget-lesadrets-tourisme.com\/en\/#organization"},"potentialAction":[{"@type":"SearchAction","target":{"@type":"EntryPoint","urlTemplate":"https:\/\/www.puget-lesadrets-tourisme.com\/en\/?s={search_term_string}"},"query-input":{"@type":"PropertyValueSpecification","valueRequired":true,"valueName":"search_term_string"}}],"inLanguage":"en-US"},{"@type":"Organization","@id":"https:\/\/www.puget-lesadrets-tourisme.com\/en\/#organization","name":"Puget , Adrets","url":"https:\/\/www.puget-lesadrets-tourisme.com\/en\/","logo":{"@type":"ImageObject","inLanguage":"en-US","@id":"https:\/\/www.puget-lesadrets-tourisme.com\/en\/#\/schema\/logo\/image\/","url":"https:\/\/www.puget-lesadrets-tourisme.com\/wp-content\/uploads\/2025\/02\/LOGO-OT-PUGET-LES-ADRETS-RVB-2.png","contentUrl":"https:\/\/www.puget-lesadrets-tourisme.com\/wp-content\/uploads\/2025\/02\/LOGO-OT-PUGET-LES-ADRETS-RVB-2.png","width":512,"height":512,"caption":"Puget , Adrets"},"image":{"@id":"https:\/\/www.puget-lesadrets-tourisme.com\/en\/#\/schema\/logo\/image\/"}}]}},"_links":{"self":[{"href":"https:\/\/www.puget-lesadrets-tourisme.com\/en\/wp-json\/wp\/v2\/pages\/2464","targetHints":{"allow":["GET"]}}],"collection":[{"href":"https:\/\/www.puget-lesadrets-tourisme.com\/en\/wp-json\/wp\/v2\/pages"}],"about":[{"href":"https:\/\/www.puget-lesadrets-tourisme.com\/en\/wp-json\/wp\/v2\/types\/page"}],"author":[{"embeddable":true,"href":"https:\/\/www.puget-lesadrets-tourisme.com\/en\/wp-json\/wp\/v2\/users\/1"}],"replies":[{"embeddable":true,"href":"https:\/\/www.puget-lesadrets-tourisme.com\/en\/wp-json\/wp\/v2\/comments?post=2464"}],"version-history":[{"count":0,"href":"https:\/\/www.puget-lesadrets-tourisme.com\/en\/wp-json\/wp\/v2\/pages\/2464\/revisions"}],"up":[{"embeddable":true,"href":"https:\/\/www.puget-lesadrets-tourisme.com\/en\/wp-json\/wp\/v2\/pages\/2466"}],"wp:attachment":[{"href":"https:\/\/www.puget-lesadrets-tourisme.com\/en\/wp-json\/wp\/v2\/media?parent=2464"}],"wp:term":[{"taxonomy":"category","embeddable":true,"href":"https:\/\/www.puget-lesadrets-tourisme.com\/en\/wp-json\/wp\/v2\/category?post=2464"},{"taxonomy":"zone","embeddable":true,"href":"https:\/\/www.puget-lesadrets-tourisme.com\/en\/wp-json\/wp\/v2\/zone?post=2464"}],"curies":[{"name":"wp","href":"https:\/\/api.w.org\/{rel}","templated":true}]}}